{"id":114,"date":"2016-12-28T09:48:39","date_gmt":"2016-12-28T08:48:39","guid":{"rendered":"http:\/\/vps405171.ovh.net\/?page_id=114"},"modified":"2022-09-24T09:52:32","modified_gmt":"2022-09-24T07:52:32","slug":"accessoires","status":"publish","type":"page","link":"https:\/\/lafabriquevegetale.net\/index.php\/mariages\/accessoires\/","title":{"rendered":"Accessoires"},"content":{"rendered":"\t\t<div data-elementor-type=\"wp-page\" data-elementor-id=\"114\" class=\"elementor elementor-114\">\n\t\t\t\t\t\t<div class=\"elementor-inner\">\n\t\t\t\t<div class=\"elementor-section-wrap\">\n\t\t\t\t\t\t\t\t\t<section class=\"elementor-section elementor-top-section elementor-element elementor-element-74d03e92 elementor-section-full_width elementor-section-height-default elementor-section-height-default\" data-id=\"74d03e92\" data-element_type=\"section\">\n\t\t\t\t\t\t<div class=\"elementor-container elementor-column-gap-default\">\n\t\t\t\t\t\t\t<div class=\"elementor-row\">\n\t\t\t\t\t<div class=\"elementor-column elementor-col-100 elementor-top-column elementor-element elementor-element-b56d8aa\" data-id=\"b56d8aa\" data-element_type=\"column\">\n\t\t\t<div class=\"elementor-column-wrap elementor-element-populated\">\n\t\t\t\t\t\t\t<div class=\"elementor-widget-wrap\">\n\t\t\t\t\t\t<div class=\"elementor-element elementor-element-6a42c3a9 elementor-widget elementor-widget-text-editor\" data-id=\"6a42c3a9\" data-element_type=\"widget\" data-widget_type=\"text-editor.default\">\n\t\t\t\t<div class=\"elementor-widget-container\">\n\t\t\t<style>\/*! elementor - v3.7.0 - 08-08-2022 *\/\n.elementor-widget-text-editor.elementor-drop-cap-view-stacked .elementor-drop-cap{background-color:#818a91;color:#fff}.elementor-widget-text-editor.elementor-drop-cap-view-framed .elementor-drop-cap{color:#818a91;border:3px solid;background-color:transparent}.elementor-widget-text-editor:not(.elementor-drop-cap-view-default) .elementor-drop-cap{margin-top:8px}.elementor-widget-text-editor:not(.elementor-drop-cap-view-default) .elementor-drop-cap-letter{width:1em;height:1em}.elementor-widget-text-editor .elementor-drop-cap{float:left;text-align:center;line-height:1;font-size:50px}.elementor-widget-text-editor .elementor-drop-cap-letter{display:inline-block}<\/style>\t\t\t\t\t<div class=\"elementor-text-editor elementor-clearfix\">\n\t\t\t\t<blockquote><p><span style=\"color: #238121;\"><strong>Accessoires.<\/strong><\/span><\/p><\/blockquote><p><em style=\"color: #2b2b2b; font-size: 16px;\">La Fabrique V\u00e9g\u00e9tale <\/em><span style=\"color: #2b2b2b; font-size: 16px;\">vous propose \u00e9galement bon nombre d&rsquo;accessoires pour assortir vos tenues \u00e0 la mari\u00e9e et \u00e0 la th\u00e9matique du mariage, tel que:<\/span><\/p><div id=\"row_SECTION_4257XM4BKB\" class=\"row\"><div id=\"col_COLUMN_SRC0GLPJ5L\" class=\"large-24 columns\"><div id=\"text_BLOCK_GBE2HFV3WL\" class=\"block-text lp-attaque\"><ul><li>Boutonni\u00e8re<\/li><li>Bracelet<\/li><li>Headband (ou serre-t\u00eate)<\/li><li>Noeud-papillon<\/li><li>El\u00e9ments port\u00e9s<\/li><li>Colliers<\/li><li>etc<\/li><\/ul><\/div><\/div><\/div>\t\t\t\t\t<\/div>\n\t\t\t\t\t\t<\/div>\n\t\t\t\t<\/div>\n\t\t\t\t<div class=\"elementor-element elementor-element-0d37b27 elementor-invisible elementor-widget elementor-widget-image\" data-id=\"0d37b27\" data-element_type=\"widget\" data-settings=\"{&quot;_animation&quot;:&quot;zoomIn&quot;}\" data-widget_type=\"image.default\">\n\t\t\t\t<div class=\"elementor-widget-container\">\n\t\t\t<style>\/*! elementor - v3.7.0 - 08-08-2022 *\/\n.elementor-widget-image{text-align:center}.elementor-widget-image a{display:inline-block}.elementor-widget-image a img[src$=\".svg\"]{width:48px}.elementor-widget-image img{vertical-align:middle;display:inline-block}<\/style>\t\t\t\t\t<div class=\"elementor-image\">\n\t\t\t\t\t\t\t\t\t\t\t\t<img loading=\"lazy\" decoding=\"async\" width=\"1080\" height=\"576\" src=\"https:\/\/lafabriquevegetale.net\/wp-content\/uploads\/2022\/08\/70281937_3502592869758250_2203684038097502208_o-1080x576.jpg\" class=\"attachment-gardenia-full-width size-gardenia-full-width\" alt=\"\" \/>\t\t\t\t\t\t\t\t\t\t\t\t\t\t<\/div>\n\t\t\t\t\t\t<\/div>\n\t\t\t\t<\/div>\n\t\t\t\t\t\t<\/div>\n\t\t\t\t\t<\/div>\n\t\t<\/div>\n\t\t\t\t\t\t\t\t<\/div>\n\t\t\t\t\t<\/div>\n\t\t<\/section>\n\t\t\t\t<section class=\"elementor-section elementor-top-section elementor-element elementor-element-6482cfc elementor-section-boxed elementor-section-height-default elementor-section-height-default\" data-id=\"6482cfc\" data-element_type=\"section\">\n\t\t\t\t\t\t<div class=\"elementor-container elementor-column-gap-default\">\n\t\t\t\t\t\t\t<div class=\"elementor-row\">\n\t\t\t\t\t<div class=\"elementor-column elementor-col-100 elementor-top-column elementor-element elementor-element-2a5636a\" data-id=\"2a5636a\" data-element_type=\"column\">\n\t\t\t<div class=\"elementor-column-wrap elementor-element-populated\">\n\t\t\t\t\t\t\t<div class=\"elementor-widget-wrap\">\n\t\t\t\t\t\t<div class=\"elementor-element elementor-element-fe00b56 gallery-spacing-custom elementor-widget elementor-widget-image-gallery\" data-id=\"fe00b56\" data-element_type=\"widget\" data-widget_type=\"image-gallery.default\">\n\t\t\t\t<div class=\"elementor-widget-container\">\n\t\t\t<style>\/*! elementor - v3.7.0 - 08-08-2022 *\/\n.elementor-image-gallery .gallery-item{display:inline-block;text-align:center;vertical-align:top;width:100%;max-width:100%;margin:0 auto}.elementor-image-gallery .gallery-item img{margin:0 auto}.elementor-image-gallery .gallery-item .gallery-caption{margin:0}.elementor-image-gallery figure img{display:block}.elementor-image-gallery figure figcaption{width:100%}.gallery-spacing-custom .elementor-image-gallery .gallery-icon{padding:0}@media (min-width:768px){.elementor-image-gallery .gallery-columns-2 .gallery-item{max-width:50%}.elementor-image-gallery .gallery-columns-3 .gallery-item{max-width:33.33%}.elementor-image-gallery .gallery-columns-4 .gallery-item{max-width:25%}.elementor-image-gallery .gallery-columns-5 .gallery-item{max-width:20%}.elementor-image-gallery .gallery-columns-6 .gallery-item{max-width:16.666%}.elementor-image-gallery .gallery-columns-7 .gallery-item{max-width:14.28%}.elementor-image-gallery .gallery-columns-8 .gallery-item{max-width:12.5%}.elementor-image-gallery .gallery-columns-9 .gallery-item{max-width:11.11%}.elementor-image-gallery .gallery-columns-10 .gallery-item{max-width:10%}}@media (min-width:480px) and (max-width:767px){.elementor-image-gallery .gallery.gallery-columns-2 .gallery-item,.elementor-image-gallery .gallery.gallery-columns-3 .gallery-item,.elementor-image-gallery .gallery.gallery-columns-4 .gallery-item,.elementor-image-gallery .gallery.gallery-columns-5 .gallery-item,.elementor-image-gallery .gallery.gallery-columns-6 .gallery-item,.elementor-image-gallery .gallery.gallery-columns-7 .gallery-item,.elementor-image-gallery .gallery.gallery-columns-8 .gallery-item,.elementor-image-gallery .gallery.gallery-columns-9 .gallery-item,.elementor-image-gallery .gallery.gallery-columns-10 .gallery-item{max-width:50%}}@media (max-width:479px){.elementor-image-gallery .gallery.gallery-columns-2 .gallery-item,.elementor-image-gallery .gallery.gallery-columns-3 .gallery-item,.elementor-image-gallery .gallery.gallery-columns-4 .gallery-item,.elementor-image-gallery .gallery.gallery-columns-5 .gallery-item,.elementor-image-gallery .gallery.gallery-columns-6 .gallery-item,.elementor-image-gallery .gallery.gallery-columns-7 .gallery-item,.elementor-image-gallery .gallery.gallery-columns-8 .gallery-item,.elementor-image-gallery .gallery.gallery-columns-9 .gallery-item,.elementor-image-gallery .gallery.gallery-columns-10 .gallery-item{max-width:100%}}<\/style>\t\t<div class=\"elementor-image-gallery\">\n\t\t\t<div id='gallery-1' class='gallery galleryid-114 gallery-columns-6 gallery-size-thumbnail'><dl class='gallery-item'>\n\t\t\t<dt class='gallery-icon portrait'>\n\t\t\t\t<a data-elementor-open-lightbox=\"yes\" data-elementor-lightbox-slideshow=\"fe00b56\" data-elementor-lightbox-title=\"IMG-20220728-WA0015\" e-action-hash=\"#elementor-action%3Aaction%3Dlightbox%26settings%3DeyJpZCI6MzU3NiwidXJsIjoiaHR0cHM6XC9cL2xhZmFicmlxdWV2ZWdldGFsZS5uZXRcL3dwLWNvbnRlbnRcL3VwbG9hZHNcLzIwMjJcLzA5XC9JTUctMjAyMjA3MjgtV0EwMDE1LmpwZyIsInNsaWRlc2hvdyI6ImZlMDBiNTYifQ%3D%3D\" href='https:\/\/lafabriquevegetale.net\/wp-content\/uploads\/2022\/09\/IMG-20220728-WA0015.jpg'><img loading=\"lazy\" decoding=\"async\" width=\"150\" height=\"150\" src=\"https:\/\/lafabriquevegetale.net\/wp-content\/uploads\/2022\/09\/IMG-20220728-WA0015-150x150.jpg\" class=\"attachment-thumbnail size-thumbnail\" alt=\"\" srcset=\"https:\/\/lafabriquevegetale.net\/wp-content\/uploads\/2022\/09\/IMG-20220728-WA0015-150x150.jpg 150w, https:\/\/lafabriquevegetale.net\/wp-content\/uploads\/2022\/09\/IMG-20220728-WA0015-70x70.jpg 70w\" sizes=\"auto, (max-width: 150px) 100vw, 150px\" \/><\/a>\n\t\t\t<\/dt><\/dl><dl class='gallery-item'>\n\t\t\t<dt class='gallery-icon portrait'>\n\t\t\t\t<a data-elementor-open-lightbox=\"yes\" data-elementor-lightbox-slideshow=\"fe00b56\" data-elementor-lightbox-title=\"IMG_20200905_095718\" e-action-hash=\"#elementor-action%3Aaction%3Dlightbox%26settings%3DeyJpZCI6MzU3NywidXJsIjoiaHR0cHM6XC9cL2xhZmFicmlxdWV2ZWdldGFsZS5uZXRcL3dwLWNvbnRlbnRcL3VwbG9hZHNcLzIwMjJcLzA5XC9JTUdfMjAyMDA5MDVfMDk1NzE4LXNjYWxlZC5qcGciLCJzbGlkZXNob3ciOiJmZTAwYjU2In0%3D\" href='https:\/\/lafabriquevegetale.net\/wp-content\/uploads\/2022\/09\/IMG_20200905_095718-scaled.jpg'><img loading=\"lazy\" decoding=\"async\" width=\"150\" height=\"150\" src=\"https:\/\/lafabriquevegetale.net\/wp-content\/uploads\/2022\/09\/IMG_20200905_095718-150x150.jpg\" class=\"attachment-thumbnail size-thumbnail\" alt=\"\" srcset=\"https:\/\/lafabriquevegetale.net\/wp-content\/uploads\/2022\/09\/IMG_20200905_095718-150x150.jpg 150w, https:\/\/lafabriquevegetale.net\/wp-content\/uploads\/2022\/09\/IMG_20200905_095718-70x70.jpg 70w\" sizes=\"auto, (max-width: 150px) 100vw, 150px\" \/><\/a>\n\t\t\t<\/dt><\/dl><dl class='gallery-item'>\n\t\t\t<dt class='gallery-icon portrait'>\n\t\t\t\t<a data-elementor-open-lightbox=\"yes\" data-elementor-lightbox-slideshow=\"fe00b56\" data-elementor-lightbox-title=\"IMG-20220917-WA0050\" e-action-hash=\"#elementor-action%3Aaction%3Dlightbox%26settings%3DeyJpZCI6MzU3OCwidXJsIjoiaHR0cHM6XC9cL2xhZmFicmlxdWV2ZWdldGFsZS5uZXRcL3dwLWNvbnRlbnRcL3VwbG9hZHNcLzIwMjJcLzA5XC9JTUctMjAyMjA5MTctV0EwMDUwLmpwZyIsInNsaWRlc2hvdyI6ImZlMDBiNTYifQ%3D%3D\" href='https:\/\/lafabriquevegetale.net\/wp-content\/uploads\/2022\/09\/IMG-20220917-WA0050.jpg'><img loading=\"lazy\" decoding=\"async\" width=\"150\" height=\"150\" src=\"https:\/\/lafabriquevegetale.net\/wp-content\/uploads\/2022\/09\/IMG-20220917-WA0050-150x150.jpg\" class=\"attachment-thumbnail size-thumbnail\" alt=\"\" srcset=\"https:\/\/lafabriquevegetale.net\/wp-content\/uploads\/2022\/09\/IMG-20220917-WA0050-150x150.jpg 150w, https:\/\/lafabriquevegetale.net\/wp-content\/uploads\/2022\/09\/IMG-20220917-WA0050-70x70.jpg 70w\" sizes=\"auto, (max-width: 150px) 100vw, 150px\" \/><\/a>\n\t\t\t<\/dt><\/dl><dl class='gallery-item'>\n\t\t\t<dt class='gallery-icon landscape'>\n\t\t\t\t<a data-elementor-open-lightbox=\"yes\" data-elementor-lightbox-slideshow=\"fe00b56\" data-elementor-lightbox-title=\"11225436_407436849446521_5333229381825937090_n\" e-action-hash=\"#elementor-action%3Aaction%3Dlightbox%26settings%3DeyJpZCI6MzU3OSwidXJsIjoiaHR0cHM6XC9cL2xhZmFicmlxdWV2ZWdldGFsZS5uZXRcL3dwLWNvbnRlbnRcL3VwbG9hZHNcLzIwMjJcLzA5XC8xMTIyNTQzNl80MDc0MzY4NDk0NDY1MjFfNTMzMzIyOTM4MTgyNTkzNzA5MF9uLmpwZyIsInNsaWRlc2hvdyI6ImZlMDBiNTYifQ%3D%3D\" href='https:\/\/lafabriquevegetale.net\/wp-content\/uploads\/2022\/09\/11225436_407436849446521_5333229381825937090_n.jpg'><img loading=\"lazy\" decoding=\"async\" width=\"150\" height=\"150\" src=\"https:\/\/lafabriquevegetale.net\/wp-content\/uploads\/2022\/09\/11225436_407436849446521_5333229381825937090_n-150x150.jpg\" class=\"attachment-thumbnail size-thumbnail\" alt=\"\" srcset=\"https:\/\/lafabriquevegetale.net\/wp-content\/uploads\/2022\/09\/11225436_407436849446521_5333229381825937090_n-150x150.jpg 150w, https:\/\/lafabriquevegetale.net\/wp-content\/uploads\/2022\/09\/11225436_407436849446521_5333229381825937090_n-300x300.jpg 300w, https:\/\/lafabriquevegetale.net\/wp-content\/uploads\/2022\/09\/11225436_407436849446521_5333229381825937090_n-768x768.jpg 768w, https:\/\/lafabriquevegetale.net\/wp-content\/uploads\/2022\/09\/11225436_407436849446521_5333229381825937090_n-70x70.jpg 70w, https:\/\/lafabriquevegetale.net\/wp-content\/uploads\/2022\/09\/11225436_407436849446521_5333229381825937090_n.jpg 960w\" sizes=\"auto, (max-width: 150px) 100vw, 150px\" \/><\/a>\n\t\t\t<\/dt><\/dl><dl class='gallery-item'>\n\t\t\t<dt class='gallery-icon portrait'>\n\t\t\t\t<a data-elementor-open-lightbox=\"yes\" data-elementor-lightbox-slideshow=\"fe00b56\" data-elementor-lightbox-title=\"IMG_20220923_151449\" e-action-hash=\"#elementor-action%3Aaction%3Dlightbox%26settings%3DeyJpZCI6MzU4MCwidXJsIjoiaHR0cHM6XC9cL2xhZmFicmlxdWV2ZWdldGFsZS5uZXRcL3dwLWNvbnRlbnRcL3VwbG9hZHNcLzIwMjJcLzA5XC9JTUdfMjAyMjA5MjNfMTUxNDQ5LXNjYWxlZC5qcGciLCJzbGlkZXNob3ciOiJmZTAwYjU2In0%3D\" href='https:\/\/lafabriquevegetale.net\/wp-content\/uploads\/2022\/09\/IMG_20220923_151449-scaled.jpg'><img loading=\"lazy\" decoding=\"async\" width=\"150\" height=\"150\" src=\"https:\/\/lafabriquevegetale.net\/wp-content\/uploads\/2022\/09\/IMG_20220923_151449-150x150.jpg\" class=\"attachment-thumbnail size-thumbnail\" alt=\"\" srcset=\"https:\/\/lafabriquevegetale.net\/wp-content\/uploads\/2022\/09\/IMG_20220923_151449-150x150.jpg 150w, https:\/\/lafabriquevegetale.net\/wp-content\/uploads\/2022\/09\/IMG_20220923_151449-70x70.jpg 70w\" sizes=\"auto, (max-width: 150px) 100vw, 150px\" \/><\/a>\n\t\t\t<\/dt><\/dl><dl class='gallery-item'>\n\t\t\t<dt class='gallery-icon landscape'>\n\t\t\t\t<a data-elementor-open-lightbox=\"yes\" data-elementor-lightbox-slideshow=\"fe00b56\" data-elementor-lightbox-title=\"IMG_20220923_151654\" e-action-hash=\"#elementor-action%3Aaction%3Dlightbox%26settings%3DeyJpZCI6MzU4MSwidXJsIjoiaHR0cHM6XC9cL2xhZmFicmlxdWV2ZWdldGFsZS5uZXRcL3dwLWNvbnRlbnRcL3VwbG9hZHNcLzIwMjJcLzA5XC9JTUdfMjAyMjA5MjNfMTUxNjU0LXNjYWxlZC5qcGciLCJzbGlkZXNob3ciOiJmZTAwYjU2In0%3D\" href='https:\/\/lafabriquevegetale.net\/wp-content\/uploads\/2022\/09\/IMG_20220923_151654-scaled.jpg'><img loading=\"lazy\" decoding=\"async\" width=\"150\" height=\"150\" src=\"https:\/\/lafabriquevegetale.net\/wp-content\/uploads\/2022\/09\/IMG_20220923_151654-150x150.jpg\" class=\"attachment-thumbnail size-thumbnail\" alt=\"\" srcset=\"https:\/\/lafabriquevegetale.net\/wp-content\/uploads\/2022\/09\/IMG_20220923_151654-150x150.jpg 150w, https:\/\/lafabriquevegetale.net\/wp-content\/uploads\/2022\/09\/IMG_20220923_151654-70x70.jpg 70w\" sizes=\"auto, (max-width: 150px) 100vw, 150px\" \/><\/a>\n\t\t\t<\/dt><\/dl><br style=\"clear: both\" \/>\n\t\t<\/div>\n\t\t<\/div>\n\t\t\t\t<\/div>\n\t\t\t\t<\/div>\n\t\t\t\t\t\t<\/div>\n\t\t\t\t\t<\/div>\n\t\t<\/div>\n\t\t\t\t\t\t\t\t<\/div>\n\t\t\t\t\t<\/div>\n\t\t<\/section>\n\t\t\t\t\t\t\t\t\t<\/div>\n\t\t\t<\/div>\n\t\t\t\t\t<\/div>\n\t\t","protected":false},"excerpt":{"rendered":"<p>Accessoires. La Fabrique V\u00e9g\u00e9tale vous propose \u00e9galement bon nombre d&rsquo;accessoires pour assortir vos tenues \u00e0 la mari\u00e9e et \u00e0 la th\u00e9matique du mariage, tel que: Boutonni\u00e8re Bracelet Headband (ou serre-t\u00eate)<\/p>\n<p>\n                <span class=\"glyphicon glyphicon-arrow-right\"><a title=\"Continue reading\" href=\"https:\/\/lafabriquevegetale.net\/index.php\/mariages\/accessoires\/\">Continue reading<\/a><\/span><\/p>\n","protected":false},"author":1,"featured_media":0,"parent":48,"menu_order":4,"comment_status":"closed","ping_status":"closed","template":"","meta":{"om_disable_all_campaigns":false,"_monsterinsights_skip_tracking":false,"_monsterinsights_sitenote_active":false,"_monsterinsights_sitenote_note":"","_monsterinsights_sitenote_category":0,"footnotes":""},"class_list":["post-114","page","type-page","status-publish","hentry"],"aioseo_notices":[],"_links":{"self":[{"href":"https:\/\/lafabriquevegetale.net\/index.php\/wp-json\/wp\/v2\/pages\/114","targetHints":{"allow":["GET"]}}],"collection":[{"href":"https:\/\/lafabriquevegetale.net\/index.php\/wp-json\/wp\/v2\/pages"}],"about":[{"href":"https:\/\/lafabriquevegetale.net\/index.php\/wp-json\/wp\/v2\/types\/page"}],"author":[{"embeddable":true,"href":"https:\/\/lafabriquevegetale.net\/index.php\/wp-json\/wp\/v2\/users\/1"}],"replies":[{"embeddable":true,"href":"https:\/\/lafabriquevegetale.net\/index.php\/wp-json\/wp\/v2\/comments?post=114"}],"version-history":[{"count":33,"href":"https:\/\/lafabriquevegetale.net\/index.php\/wp-json\/wp\/v2\/pages\/114\/revisions"}],"predecessor-version":[{"id":3599,"href":"https:\/\/lafabriquevegetale.net\/index.php\/wp-json\/wp\/v2\/pages\/114\/revisions\/3599"}],"up":[{"embeddable":true,"href":"https:\/\/lafabriquevegetale.net\/index.php\/wp-json\/wp\/v2\/pages\/48"}],"wp:attachment":[{"href":"https:\/\/lafabriquevegetale.net\/index.php\/wp-json\/wp\/v2\/media?parent=114"}],"curies":[{"name":"wp","href":"https:\/\/api.w.org\/{rel}","templated":true}]}}