{"id":116,"date":"2016-12-28T09:49:12","date_gmt":"2016-12-28T08:49:12","guid":{"rendered":"http:\/\/vps405171.ovh.net\/?page_id=116"},"modified":"2022-09-24T09:53:57","modified_gmt":"2022-09-24T07:53:57","slug":"decoration-de-voiture","status":"publish","type":"page","link":"https:\/\/lafabriquevegetale.net\/index.php\/mariages\/decoration-de-voiture\/","title":{"rendered":"D\u00e9coration de voiture"},"content":{"rendered":"\t\t<div data-elementor-type=\"wp-page\" data-elementor-id=\"116\" class=\"elementor elementor-116\">\n\t\t\t\t\t\t<div class=\"elementor-inner\">\n\t\t\t\t<div class=\"elementor-section-wrap\">\n\t\t\t\t\t\t\t\t\t<section class=\"elementor-section elementor-top-section elementor-element elementor-element-56582f1e elementor-section-boxed elementor-section-height-default elementor-section-height-default\" data-id=\"56582f1e\" data-element_type=\"section\">\n\t\t\t\t\t\t<div class=\"elementor-container elementor-column-gap-default\">\n\t\t\t\t\t\t\t<div class=\"elementor-row\">\n\t\t\t\t\t<div class=\"elementor-column elementor-col-100 elementor-top-column elementor-element elementor-element-6721b25c\" data-id=\"6721b25c\" data-element_type=\"column\">\n\t\t\t<div class=\"elementor-column-wrap elementor-element-populated\">\n\t\t\t\t\t\t\t<div class=\"elementor-widget-wrap\">\n\t\t\t\t\t\t<div class=\"elementor-element elementor-element-50528187 elementor-widget elementor-widget-text-editor\" data-id=\"50528187\" data-element_type=\"widget\" data-widget_type=\"text-editor.default\">\n\t\t\t\t<div class=\"elementor-widget-container\">\n\t\t\t<style>\/*! elementor - v3.7.0 - 08-08-2022 *\/\n.elementor-widget-text-editor.elementor-drop-cap-view-stacked .elementor-drop-cap{background-color:#818a91;color:#fff}.elementor-widget-text-editor.elementor-drop-cap-view-framed .elementor-drop-cap{color:#818a91;border:3px solid;background-color:transparent}.elementor-widget-text-editor:not(.elementor-drop-cap-view-default) .elementor-drop-cap{margin-top:8px}.elementor-widget-text-editor:not(.elementor-drop-cap-view-default) .elementor-drop-cap-letter{width:1em;height:1em}.elementor-widget-text-editor .elementor-drop-cap{float:left;text-align:center;line-height:1;font-size:50px}.elementor-widget-text-editor .elementor-drop-cap-letter{display:inline-block}<\/style>\t\t\t\t\t<div class=\"elementor-text-editor elementor-clearfix\">\n\t\t\t\t<blockquote><p><span style=\"color: #238121;\"><strong>D\u00e9coration de voiture.<\/strong><\/span><\/p><\/blockquote><p>Comme le bouquet de mari\u00e9e, la voiture reste un \u00e9l\u00e9ment important du mariage: c&rsquo;est toujours un grand \u00e9v\u00e9nement que de voir arriver puis descendre la mari\u00e9e d&rsquo;une belle voiture \u00e0 la d\u00e9coration florale impeccable!<\/p>\t\t\t\t\t<\/div>\n\t\t\t\t\t\t<\/div>\n\t\t\t\t<\/div>\n\t\t\t\t<div class=\"elementor-element elementor-element-6def0a2 elementor-invisible elementor-widget elementor-widget-image\" data-id=\"6def0a2\" data-element_type=\"widget\" data-settings=\"{&quot;_animation&quot;:&quot;zoomIn&quot;}\" data-widget_type=\"image.default\">\n\t\t\t\t<div class=\"elementor-widget-container\">\n\t\t\t<style>\/*! elementor - v3.7.0 - 08-08-2022 *\/\n.elementor-widget-image{text-align:center}.elementor-widget-image a{display:inline-block}.elementor-widget-image a img[src$=\".svg\"]{width:48px}.elementor-widget-image img{vertical-align:middle;display:inline-block}<\/style>\t\t\t\t\t<div class=\"elementor-image\">\n\t\t\t\t\t\t\t\t\t\t\t\t<img loading=\"lazy\" decoding=\"async\" width=\"566\" height=\"576\" src=\"https:\/\/lafabriquevegetale.net\/wp-content\/uploads\/2022\/08\/Hello-Photo-277-566x576.jpg\" class=\"attachment-gardenia-full-width size-gardenia-full-width\" alt=\"\" srcset=\"https:\/\/lafabriquevegetale.net\/wp-content\/uploads\/2022\/08\/Hello-Photo-277-566x576.jpg 566w, https:\/\/lafabriquevegetale.net\/wp-content\/uploads\/2022\/08\/Hello-Photo-277-70x70.jpg 70w\" sizes=\"auto, (max-width: 566px) 100vw, 566px\" \/>\t\t\t\t\t\t\t\t\t\t\t\t\t\t<\/div>\n\t\t\t\t\t\t<\/div>\n\t\t\t\t<\/div>\n\t\t\t\t\t\t<\/div>\n\t\t\t\t\t<\/div>\n\t\t<\/div>\n\t\t\t\t\t\t\t\t<\/div>\n\t\t\t\t\t<\/div>\n\t\t<\/section>\n\t\t\t\t\t\t\t\t\t<\/div>\n\t\t\t<\/div>\n\t\t\t\t\t<\/div>\n\t\t","protected":false},"excerpt":{"rendered":"<p>D\u00e9coration de voiture. Comme le bouquet de mari\u00e9e, la voiture reste un \u00e9l\u00e9ment important du mariage: c&rsquo;est toujours un grand \u00e9v\u00e9nement que de voir arriver puis descendre la mari\u00e9e d&rsquo;une<\/p>\n<p>\n                <span class=\"glyphicon glyphicon-arrow-right\"><a title=\"Continue reading\" href=\"https:\/\/lafabriquevegetale.net\/index.php\/mariages\/decoration-de-voiture\/\">Continue reading<\/a><\/span><\/p>\n","protected":false},"author":1,"featured_media":0,"parent":48,"menu_order":5,"comment_status":"closed","ping_status":"closed","template":"","meta":{"om_disable_all_campaigns":false,"_monsterinsights_skip_tracking":false,"_monsterinsights_sitenote_active":false,"_monsterinsights_sitenote_note":"","_monsterinsights_sitenote_category":0,"footnotes":""},"class_list":["post-116","page","type-page","status-publish","hentry"],"aioseo_notices":[],"_links":{"self":[{"href":"https:\/\/lafabriquevegetale.net\/index.php\/wp-json\/wp\/v2\/pages\/116","targetHints":{"allow":["GET"]}}],"collection":[{"href":"https:\/\/lafabriquevegetale.net\/index.php\/wp-json\/wp\/v2\/pages"}],"about":[{"href":"https:\/\/lafabriquevegetale.net\/index.php\/wp-json\/wp\/v2\/types\/page"}],"author":[{"embeddable":true,"href":"https:\/\/lafabriquevegetale.net\/index.php\/wp-json\/wp\/v2\/users\/1"}],"replies":[{"embeddable":true,"href":"https:\/\/lafabriquevegetale.net\/index.php\/wp-json\/wp\/v2\/comments?post=116"}],"version-history":[{"count":30,"href":"https:\/\/lafabriquevegetale.net\/index.php\/wp-json\/wp\/v2\/pages\/116\/revisions"}],"predecessor-version":[{"id":3602,"href":"https:\/\/lafabriquevegetale.net\/index.php\/wp-json\/wp\/v2\/pages\/116\/revisions\/3602"}],"up":[{"embeddable":true,"href":"https:\/\/lafabriquevegetale.net\/index.php\/wp-json\/wp\/v2\/pages\/48"}],"wp:attachment":[{"href":"https:\/\/lafabriquevegetale.net\/index.php\/wp-json\/wp\/v2\/media?parent=116"}],"curies":[{"name":"wp","href":"https:\/\/api.w.org\/{rel}","templated":true}]}}