{"id":256,"date":"2016-11-22T09:28:09","date_gmt":"2016-11-22T08:28:09","guid":{"rendered":"http:\/\/vps405171.ovh.net\/?page_id=2"},"modified":"2022-10-14T16:59:38","modified_gmt":"2022-10-14T14:59:38","slug":"espace-vert","status":"publish","type":"page","link":"https:\/\/lafabriquevegetale.net\/index.php\/espace-vert\/","title":{"rendered":"Espaces-verts"},"content":{"rendered":"\t\t<div data-elementor-type=\"wp-page\" data-elementor-id=\"256\" class=\"elementor elementor-256\">\n\t\t\t\t\t\t<div class=\"elementor-inner\">\n\t\t\t\t<div class=\"elementor-section-wrap\">\n\t\t\t\t\t\t\t\t\t<section class=\"elementor-section elementor-top-section elementor-element elementor-element-56be94e5 elementor-section-boxed elementor-section-height-default elementor-section-height-default\" data-id=\"56be94e5\" data-element_type=\"section\">\n\t\t\t\t\t\t<div class=\"elementor-container elementor-column-gap-default\">\n\t\t\t\t\t\t\t<div class=\"elementor-row\">\n\t\t\t\t\t<div class=\"elementor-column elementor-col-100 elementor-top-column elementor-element elementor-element-5bf5deea\" data-id=\"5bf5deea\" data-element_type=\"column\">\n\t\t\t<div class=\"elementor-column-wrap elementor-element-populated\">\n\t\t\t\t\t\t\t<div class=\"elementor-widget-wrap\">\n\t\t\t\t\t\t<div class=\"elementor-element elementor-element-63c023cd elementor-widget elementor-widget-text-editor\" data-id=\"63c023cd\" data-element_type=\"widget\" data-widget_type=\"text-editor.default\">\n\t\t\t\t<div class=\"elementor-widget-container\">\n\t\t\t<style>\/*! elementor - v3.7.0 - 08-08-2022 *\/\n.elementor-widget-text-editor.elementor-drop-cap-view-stacked .elementor-drop-cap{background-color:#818a91;color:#fff}.elementor-widget-text-editor.elementor-drop-cap-view-framed .elementor-drop-cap{color:#818a91;border:3px solid;background-color:transparent}.elementor-widget-text-editor:not(.elementor-drop-cap-view-default) .elementor-drop-cap{margin-top:8px}.elementor-widget-text-editor:not(.elementor-drop-cap-view-default) .elementor-drop-cap-letter{width:1em;height:1em}.elementor-widget-text-editor .elementor-drop-cap{float:left;text-align:center;line-height:1;font-size:50px}.elementor-widget-text-editor .elementor-drop-cap-letter{display:inline-block}<\/style>\t\t\t\t\t<div class=\"elementor-text-editor elementor-clearfix\">\n\t\t\t\t<blockquote>\n<p><span style=\"color: #238121;\"><strong>9 raisons pour choisir La Fabrique V\u00e9g\u00e9tale.<\/strong><\/span><\/p>\n<\/blockquote>\n<div id=\"text_BLOCK_KJUJIY6JYY\" class=\"block-text\">\n<p>&#8211; Sp\u00e9cialistes du v\u00e9g\u00e9tal depuis 3 g\u00e9n\u00e9rations, nous sommes \u00e0 Wissous depuis 1937<\/p>\n<p>&#8211; Un d\u00e9partement espaces verts cr\u00e9\u00e9 en 1984 et en d\u00e9veloppement constant<\/p>\n<p>&#8211; Des jardiniers paysagistes professionnels et dipl\u00f4m\u00e9s (cap, bep, bts) sp\u00e9cialistes dans chaque domaine de comp\u00e9tence (taille, \u00e9lagage, plantation, gazon, arrosage automatique\u2026) dans le respect des saisons et des cycles sp\u00e9cifiques \u00e0 chaque essence<\/p>\n<p>&#8211; Une organisation au service de votre jardin : des v\u00e9hicules neufs et du mat\u00e9riel espaces verts moderne et r\u00e9cent<\/p>\n<p>&#8211; Travailler avec La Fabrique V\u00e9g\u00e9tale c\u2019est respecter l\u2019environnement : vos d\u00e9chets verts seront \u00e9vacu\u00e9s en d\u00e9charge de revalorisation et recycl\u00e9s. Aucun produit chimique n&rsquo;est utilis\u00e9.<\/p>\n<p>&#8211; Un jardin plus beau plus longtemps gr\u00e2ce aux conseils donn\u00e9s pour l\u2019entretien du jardin et\/ou des v\u00e9g\u00e9taux<\/p>\n<p>&#8211; Un catalogue p\u00e9pini\u00e8re de plus de 1000 esp\u00e8ces pour vous cr\u00e9er le plus beau et diversifi\u00e9 des jardins<\/p>\n<p>&#8211; Nos \u00e9tudes de projets et devis sont gratuits<\/p>\n<p>&#8211; Tranquillit\u00e9 d\u2019esprit : des assurances (MMA) pour parer \u00e0 tout incident.<\/p>\n<\/div>\t\t\t\t\t<\/div>\n\t\t\t\t\t\t<\/div>\n\t\t\t\t<\/div>\n\t\t\t\t\t\t<\/div>\n\t\t\t\t\t<\/div>\n\t\t<\/div>\n\t\t\t\t\t\t\t\t<\/div>\n\t\t\t\t\t<\/div>\n\t\t<\/section>\n\t\t\t\t\t\t\t\t\t<\/div>\n\t\t\t<\/div>\n\t\t\t\t\t<\/div>\n\t\t","protected":false},"excerpt":{"rendered":"<p>9 raisons pour choisir La Fabrique V\u00e9g\u00e9tale. &#8211; Sp\u00e9cialistes du v\u00e9g\u00e9tal depuis 3 g\u00e9n\u00e9rations, nous sommes \u00e0 Wissous depuis 1937 &#8211; Un d\u00e9partement espaces verts cr\u00e9\u00e9 en 1984 et en<\/p>\n<p>\n                <span class=\"glyphicon glyphicon-arrow-right\"><a title=\"Continue reading\" href=\"https:\/\/lafabriquevegetale.net\/index.php\/espace-vert\/\">Continue reading<\/a><\/span><\/p>\n","protected":false},"author":1,"featured_media":0,"parent":0,"menu_order":5,"comment_status":"closed","ping_status":"closed","template":"","meta":{"om_disable_all_campaigns":false,"_monsterinsights_skip_tracking":false,"_monsterinsights_sitenote_active":false,"_monsterinsights_sitenote_note":"","_monsterinsights_sitenote_category":0,"footnotes":""},"class_list":["post-256","page","type-page","status-publish","hentry"],"aioseo_notices":[],"_links":{"self":[{"href":"https:\/\/lafabriquevegetale.net\/index.php\/wp-json\/wp\/v2\/pages\/256","targetHints":{"allow":["GET"]}}],"collection":[{"href":"https:\/\/lafabriquevegetale.net\/index.php\/wp-json\/wp\/v2\/pages"}],"about":[{"href":"https:\/\/lafabriquevegetale.net\/index.php\/wp-json\/wp\/v2\/types\/page"}],"author":[{"embeddable":true,"href":"https:\/\/lafabriquevegetale.net\/index.php\/wp-json\/wp\/v2\/users\/1"}],"replies":[{"embeddable":true,"href":"https:\/\/lafabriquevegetale.net\/index.php\/wp-json\/wp\/v2\/comments?post=256"}],"version-history":[{"count":15,"href":"https:\/\/lafabriquevegetale.net\/index.php\/wp-json\/wp\/v2\/pages\/256\/revisions"}],"predecessor-version":[{"id":3852,"href":"https:\/\/lafabriquevegetale.net\/index.php\/wp-json\/wp\/v2\/pages\/256\/revisions\/3852"}],"wp:attachment":[{"href":"https:\/\/lafabriquevegetale.net\/index.php\/wp-json\/wp\/v2\/media?parent=256"}],"curies":[{"name":"wp","href":"https:\/\/api.w.org\/{rel}","templated":true}]}}