{"id":310,"date":"2017-03-25T17:17:45","date_gmt":"2017-03-25T16:17:45","guid":{"rendered":"http:\/\/vps405171.ovh.net\/?page_id=310"},"modified":"2022-09-17T10:41:41","modified_gmt":"2022-09-17T08:41:41","slug":"services-divers","status":"publish","type":"page","link":"https:\/\/lafabriquevegetale.net\/index.php\/la-boutique\/services-divers\/","title":{"rendered":"Services divers"},"content":{"rendered":"\t\t<div data-elementor-type=\"wp-page\" data-elementor-id=\"310\" class=\"elementor elementor-310\">\n\t\t\t\t\t\t<div class=\"elementor-inner\">\n\t\t\t\t<div class=\"elementor-section-wrap\">\n\t\t\t\t\t\t\t\t\t<section class=\"elementor-section elementor-top-section elementor-element elementor-element-3c08bec4 elementor-section-boxed elementor-section-height-default elementor-section-height-default\" data-id=\"3c08bec4\" data-element_type=\"section\">\n\t\t\t\t\t\t<div class=\"elementor-container elementor-column-gap-default\">\n\t\t\t\t\t\t\t<div class=\"elementor-row\">\n\t\t\t\t\t<div class=\"elementor-column elementor-col-100 elementor-top-column elementor-element elementor-element-7e824ff4\" data-id=\"7e824ff4\" data-element_type=\"column\">\n\t\t\t<div class=\"elementor-column-wrap elementor-element-populated\">\n\t\t\t\t\t\t\t<div class=\"elementor-widget-wrap\">\n\t\t\t\t\t\t<div class=\"elementor-element elementor-element-6966042d elementor-widget elementor-widget-text-editor\" data-id=\"6966042d\" data-element_type=\"widget\" data-widget_type=\"text-editor.default\">\n\t\t\t\t<div class=\"elementor-widget-container\">\n\t\t\t<style>\/*! elementor - v3.7.0 - 08-08-2022 *\/\n.elementor-widget-text-editor.elementor-drop-cap-view-stacked .elementor-drop-cap{background-color:#818a91;color:#fff}.elementor-widget-text-editor.elementor-drop-cap-view-framed .elementor-drop-cap{color:#818a91;border:3px solid;background-color:transparent}.elementor-widget-text-editor:not(.elementor-drop-cap-view-default) .elementor-drop-cap{margin-top:8px}.elementor-widget-text-editor:not(.elementor-drop-cap-view-default) .elementor-drop-cap-letter{width:1em;height:1em}.elementor-widget-text-editor .elementor-drop-cap{float:left;text-align:center;line-height:1;font-size:50px}.elementor-widget-text-editor .elementor-drop-cap-letter{display:inline-block}<\/style>\t\t\t\t\t<div class=\"elementor-text-editor elementor-clearfix\">\n\t\t\t\t<blockquote><p><span style=\"color: #238121;\"><strong>VENTES A DISTANCE (VAD).<\/strong><\/span><\/p><\/blockquote><p>Sur simple appel t\u00e9l\u00e9phonique au <strong>01.69.20.86.70<\/strong> nous prenons vos commandes de fleurs (ou autres) que nous pouvons livrer partout dans Wissous ou dans sa p\u00e9riph\u00e9rie.<\/p><p>R\u00e8glement s\u00e9curis\u00e9 par CB ou paiement par ch\u00e8que avant la livraison o\u00f9 \u00e0 la remise du produit.<\/p><p>Nous vous livrons: Compositions florales, plantes vertes et fleuries, terreau, arbres, arbustes et plantations.<\/p><p>Livraison gratuite sur Wissous, \u00e0 partir de 5 \u20ac au-del\u00e0 nous consulter.<\/p><p>\u00a0<\/p><blockquote><p><span style=\"color: #238121;\"><strong>TRANSMISSION FLORALE.<\/strong><\/span><\/p><\/blockquote><p>Avec notre partenaire FLORAJET, partout en France et dans le monde.<\/p><p><img loading=\"lazy\" decoding=\"async\" class=\"alignnone wp-image-412\" src=\"http:\/\/vps405171.ovh.net\/wp-content\/uploads\/2017\/04\/florajet.jpg\" alt=\"\" width=\"42\" height=\"42\" srcset=\"https:\/\/lafabriquevegetale.net\/wp-content\/uploads\/2017\/04\/florajet.jpg 156w, https:\/\/lafabriquevegetale.net\/wp-content\/uploads\/2017\/04\/florajet-150x150.jpg 150w, https:\/\/lafabriquevegetale.net\/wp-content\/uploads\/2017\/04\/florajet-70x70.jpg 70w\" sizes=\"auto, (max-width: 42px) 100vw, 42px\" \/><\/p>\t\t\t\t\t<\/div>\n\t\t\t\t\t\t<\/div>\n\t\t\t\t<\/div>\n\t\t\t\t\t\t<\/div>\n\t\t\t\t\t<\/div>\n\t\t<\/div>\n\t\t\t\t\t\t\t\t<\/div>\n\t\t\t\t\t<\/div>\n\t\t<\/section>\n\t\t\t\t\t\t\t\t\t<\/div>\n\t\t\t<\/div>\n\t\t\t\t\t<\/div>\n\t\t","protected":false},"excerpt":{"rendered":"<p>VENTES A DISTANCE (VAD). Sur simple appel t\u00e9l\u00e9phonique au 01.69.20.86.70 nous prenons vos commandes de fleurs (ou autres) que nous pouvons livrer partout dans Wissous ou dans sa p\u00e9riph\u00e9rie. R\u00e8glement<\/p>\n<p>\n                <span class=\"glyphicon glyphicon-arrow-right\"><a title=\"Continue reading\" href=\"https:\/\/lafabriquevegetale.net\/index.php\/la-boutique\/services-divers\/\">Continue reading<\/a><\/span><\/p>\n","protected":false},"author":1,"featured_media":0,"parent":315,"menu_order":1,"comment_status":"closed","ping_status":"closed","template":"","meta":{"om_disable_all_campaigns":false,"_monsterinsights_skip_tracking":false,"_monsterinsights_sitenote_active":false,"_monsterinsights_sitenote_note":"","_monsterinsights_sitenote_category":0,"footnotes":""},"class_list":["post-310","page","type-page","status-publish","hentry"],"aioseo_notices":[],"_links":{"self":[{"href":"https:\/\/lafabriquevegetale.net\/index.php\/wp-json\/wp\/v2\/pages\/310","targetHints":{"allow":["GET"]}}],"collection":[{"href":"https:\/\/lafabriquevegetale.net\/index.php\/wp-json\/wp\/v2\/pages"}],"about":[{"href":"https:\/\/lafabriquevegetale.net\/index.php\/wp-json\/wp\/v2\/types\/page"}],"author":[{"embeddable":true,"href":"https:\/\/lafabriquevegetale.net\/index.php\/wp-json\/wp\/v2\/users\/1"}],"replies":[{"embeddable":true,"href":"https:\/\/lafabriquevegetale.net\/index.php\/wp-json\/wp\/v2\/comments?post=310"}],"version-history":[{"count":9,"href":"https:\/\/lafabriquevegetale.net\/index.php\/wp-json\/wp\/v2\/pages\/310\/revisions"}],"predecessor-version":[{"id":3402,"href":"https:\/\/lafabriquevegetale.net\/index.php\/wp-json\/wp\/v2\/pages\/310\/revisions\/3402"}],"up":[{"embeddable":true,"href":"https:\/\/lafabriquevegetale.net\/index.php\/wp-json\/wp\/v2\/pages\/315"}],"wp:attachment":[{"href":"https:\/\/lafabriquevegetale.net\/index.php\/wp-json\/wp\/v2\/media?parent=310"}],"curies":[{"name":"wp","href":"https:\/\/api.w.org\/{rel}","templated":true}]}}