{"id":3721,"date":"2022-10-01T09:42:41","date_gmt":"2022-10-01T07:42:41","guid":{"rendered":"http:\/\/nbfynmq.cluster030.hosting.ovh.net\/?page_id=3721"},"modified":"2022-10-14T13:44:27","modified_gmt":"2022-10-14T11:44:27","slug":"balcon-et-terrasse","status":"publish","type":"page","link":"https:\/\/lafabriquevegetale.net\/index.php\/espace-vert\/balcon-et-terrasse\/","title":{"rendered":"Balcon et Terrasse"},"content":{"rendered":"\t\t<div data-elementor-type=\"wp-page\" data-elementor-id=\"3721\" class=\"elementor elementor-3721\">\n\t\t\t\t\t\t<div class=\"elementor-inner\">\n\t\t\t\t<div class=\"elementor-section-wrap\">\n\t\t\t\t\t\t\t\t\t<section class=\"elementor-section elementor-top-section elementor-element elementor-element-13d32efd elementor-section-boxed elementor-section-height-default elementor-section-height-default\" data-id=\"13d32efd\" data-element_type=\"section\">\n\t\t\t\t\t\t<div class=\"elementor-container elementor-column-gap-default\">\n\t\t\t\t\t\t\t<div class=\"elementor-row\">\n\t\t\t\t\t<div class=\"elementor-column elementor-col-100 elementor-top-column elementor-element elementor-element-5c61b646\" data-id=\"5c61b646\" data-element_type=\"column\">\n\t\t\t<div class=\"elementor-column-wrap elementor-element-populated\">\n\t\t\t\t\t\t\t<div class=\"elementor-widget-wrap\">\n\t\t\t\t\t\t<div class=\"elementor-element elementor-element-42ece46 elementor-widget elementor-widget-text-editor\" data-id=\"42ece46\" data-element_type=\"widget\" data-widget_type=\"text-editor.default\">\n\t\t\t\t<div class=\"elementor-widget-container\">\n\t\t\t<style>\/*! elementor - v3.7.0 - 08-08-2022 *\/\n.elementor-widget-text-editor.elementor-drop-cap-view-stacked .elementor-drop-cap{background-color:#818a91;color:#fff}.elementor-widget-text-editor.elementor-drop-cap-view-framed .elementor-drop-cap{color:#818a91;border:3px solid;background-color:transparent}.elementor-widget-text-editor:not(.elementor-drop-cap-view-default) .elementor-drop-cap{margin-top:8px}.elementor-widget-text-editor:not(.elementor-drop-cap-view-default) .elementor-drop-cap-letter{width:1em;height:1em}.elementor-widget-text-editor .elementor-drop-cap{float:left;text-align:center;line-height:1;font-size:50px}.elementor-widget-text-editor .elementor-drop-cap-letter{display:inline-block}<\/style>\t\t\t\t\t<div class=\"elementor-text-editor elementor-clearfix\">\n\t\t\t\t<!-- wp:paragraph -->\n<blockquote>\n<p class=\"p1\"><strong><span style=\"color: #238121;\">La Fabrique V\u00e9g\u00e9tale am\u00e9nage aussi vos terrasses et balcon.<\/span><\/strong><\/p>\n<\/blockquote>\n<p class=\"p1\">Pour tout renseignement : Victor au 0615272201.<\/p>\n<!-- \/wp:paragraph -->\t\t\t\t\t<\/div>\n\t\t\t\t\t\t<\/div>\n\t\t\t\t<\/div>\n\t\t\t\t<div class=\"elementor-element elementor-element-4bebe8d elementor-invisible elementor-widget elementor-widget-image-gallery\" data-id=\"4bebe8d\" data-element_type=\"widget\" data-settings=\"{&quot;_animation&quot;:&quot;zoomIn&quot;}\" data-widget_type=\"image-gallery.default\">\n\t\t\t\t<div class=\"elementor-widget-container\">\n\t\t\t<style>\/*! elementor - v3.7.0 - 08-08-2022 *\/\n.elementor-image-gallery .gallery-item{display:inline-block;text-align:center;vertical-align:top;width:100%;max-width:100%;margin:0 auto}.elementor-image-gallery .gallery-item img{margin:0 auto}.elementor-image-gallery .gallery-item .gallery-caption{margin:0}.elementor-image-gallery figure img{display:block}.elementor-image-gallery figure figcaption{width:100%}.gallery-spacing-custom .elementor-image-gallery .gallery-icon{padding:0}@media (min-width:768px){.elementor-image-gallery .gallery-columns-2 .gallery-item{max-width:50%}.elementor-image-gallery .gallery-columns-3 .gallery-item{max-width:33.33%}.elementor-image-gallery .gallery-columns-4 .gallery-item{max-width:25%}.elementor-image-gallery .gallery-columns-5 .gallery-item{max-width:20%}.elementor-image-gallery .gallery-columns-6 .gallery-item{max-width:16.666%}.elementor-image-gallery .gallery-columns-7 .gallery-item{max-width:14.28%}.elementor-image-gallery .gallery-columns-8 .gallery-item{max-width:12.5%}.elementor-image-gallery .gallery-columns-9 .gallery-item{max-width:11.11%}.elementor-image-gallery .gallery-columns-10 .gallery-item{max-width:10%}}@media (min-width:480px) and (max-width:767px){.elementor-image-gallery .gallery.gallery-columns-2 .gallery-item,.elementor-image-gallery .gallery.gallery-columns-3 .gallery-item,.elementor-image-gallery .gallery.gallery-columns-4 .gallery-item,.elementor-image-gallery .gallery.gallery-columns-5 .gallery-item,.elementor-image-gallery .gallery.gallery-columns-6 .gallery-item,.elementor-image-gallery .gallery.gallery-columns-7 .gallery-item,.elementor-image-gallery .gallery.gallery-columns-8 .gallery-item,.elementor-image-gallery .gallery.gallery-columns-9 .gallery-item,.elementor-image-gallery .gallery.gallery-columns-10 .gallery-item{max-width:50%}}@media (max-width:479px){.elementor-image-gallery .gallery.gallery-columns-2 .gallery-item,.elementor-image-gallery .gallery.gallery-columns-3 .gallery-item,.elementor-image-gallery .gallery.gallery-columns-4 .gallery-item,.elementor-image-gallery .gallery.gallery-columns-5 .gallery-item,.elementor-image-gallery .gallery.gallery-columns-6 .gallery-item,.elementor-image-gallery .gallery.gallery-columns-7 .gallery-item,.elementor-image-gallery .gallery.gallery-columns-8 .gallery-item,.elementor-image-gallery .gallery.gallery-columns-9 .gallery-item,.elementor-image-gallery .gallery.gallery-columns-10 .gallery-item{max-width:100%}}<\/style>\t\t<div class=\"elementor-image-gallery\">\n\t\t\t<div id='gallery-1' class='gallery galleryid-3721 gallery-columns-3 gallery-size-thumbnail'><dl class='gallery-item'>\n\t\t\t<dt class='gallery-icon portrait'>\n\t\t\t\t<a data-elementor-open-lightbox=\"yes\" data-elementor-lightbox-slideshow=\"4bebe8d\" data-elementor-lightbox-title=\"20210325_161119\" e-action-hash=\"#elementor-action%3Aaction%3Dlightbox%26settings%3DeyJpZCI6MzcyNywidXJsIjoiaHR0cHM6XC9cL2xhZmFicmlxdWV2ZWdldGFsZS5uZXRcL3dwLWNvbnRlbnRcL3VwbG9hZHNcLzIwMjJcLzEwXC8yMDIxMDMyNV8xNjExMTktc2NhbGVkLmpwZyIsInNsaWRlc2hvdyI6IjRiZWJlOGQifQ%3D%3D\" href='https:\/\/lafabriquevegetale.net\/wp-content\/uploads\/2022\/10\/20210325_161119-scaled.jpg'><img loading=\"lazy\" decoding=\"async\" width=\"150\" height=\"150\" src=\"https:\/\/lafabriquevegetale.net\/wp-content\/uploads\/2022\/10\/20210325_161119-150x150.jpg\" class=\"attachment-thumbnail size-thumbnail\" alt=\"\" srcset=\"https:\/\/lafabriquevegetale.net\/wp-content\/uploads\/2022\/10\/20210325_161119-150x150.jpg 150w, https:\/\/lafabriquevegetale.net\/wp-content\/uploads\/2022\/10\/20210325_161119-70x70.jpg 70w\" sizes=\"auto, (max-width: 150px) 100vw, 150px\" \/><\/a>\n\t\t\t<\/dt><\/dl><dl class='gallery-item'>\n\t\t\t<dt class='gallery-icon landscape'>\n\t\t\t\t<a data-elementor-open-lightbox=\"yes\" data-elementor-lightbox-slideshow=\"4bebe8d\" data-elementor-lightbox-title=\"20210325_161051\" e-action-hash=\"#elementor-action%3Aaction%3Dlightbox%26settings%3DeyJpZCI6MzcyOCwidXJsIjoiaHR0cHM6XC9cL2xhZmFicmlxdWV2ZWdldGFsZS5uZXRcL3dwLWNvbnRlbnRcL3VwbG9hZHNcLzIwMjJcLzEwXC8yMDIxMDMyNV8xNjEwNTEtc2NhbGVkLmpwZyIsInNsaWRlc2hvdyI6IjRiZWJlOGQifQ%3D%3D\" href='https:\/\/lafabriquevegetale.net\/wp-content\/uploads\/2022\/10\/20210325_161051-scaled.jpg'><img loading=\"lazy\" decoding=\"async\" width=\"150\" height=\"150\" src=\"https:\/\/lafabriquevegetale.net\/wp-content\/uploads\/2022\/10\/20210325_161051-150x150.jpg\" class=\"attachment-thumbnail size-thumbnail\" alt=\"\" srcset=\"https:\/\/lafabriquevegetale.net\/wp-content\/uploads\/2022\/10\/20210325_161051-150x150.jpg 150w, https:\/\/lafabriquevegetale.net\/wp-content\/uploads\/2022\/10\/20210325_161051-70x70.jpg 70w\" sizes=\"auto, (max-width: 150px) 100vw, 150px\" \/><\/a>\n\t\t\t<\/dt><\/dl><dl class='gallery-item'>\n\t\t\t<dt class='gallery-icon portrait'>\n\t\t\t\t<a data-elementor-open-lightbox=\"yes\" data-elementor-lightbox-slideshow=\"4bebe8d\" data-elementor-lightbox-title=\"20210224_145912\" e-action-hash=\"#elementor-action%3Aaction%3Dlightbox%26settings%3DeyJpZCI6MzcyOSwidXJsIjoiaHR0cHM6XC9cL2xhZmFicmlxdWV2ZWdldGFsZS5uZXRcL3dwLWNvbnRlbnRcL3VwbG9hZHNcLzIwMjJcLzEwXC8yMDIxMDIyNF8xNDU5MTItc2NhbGVkLmpwZyIsInNsaWRlc2hvdyI6IjRiZWJlOGQifQ%3D%3D\" href='https:\/\/lafabriquevegetale.net\/wp-content\/uploads\/2022\/10\/20210224_145912-scaled.jpg'><img loading=\"lazy\" decoding=\"async\" width=\"150\" height=\"150\" src=\"https:\/\/lafabriquevegetale.net\/wp-content\/uploads\/2022\/10\/20210224_145912-150x150.jpg\" class=\"attachment-thumbnail size-thumbnail\" alt=\"\" srcset=\"https:\/\/lafabriquevegetale.net\/wp-content\/uploads\/2022\/10\/20210224_145912-150x150.jpg 150w, https:\/\/lafabriquevegetale.net\/wp-content\/uploads\/2022\/10\/20210224_145912-70x70.jpg 70w\" sizes=\"auto, (max-width: 150px) 100vw, 150px\" \/><\/a>\n\t\t\t<\/dt><\/dl><br style=\"clear: both\" \/>\n\t\t<\/div>\n\t\t<\/div>\n\t\t\t\t<\/div>\n\t\t\t\t<\/div>\n\t\t\t\t\t\t<\/div>\n\t\t\t\t\t<\/div>\n\t\t<\/div>\n\t\t\t\t\t\t\t\t<\/div>\n\t\t\t\t\t<\/div>\n\t\t<\/section>\n\t\t\t\t\t\t\t\t\t<\/div>\n\t\t\t<\/div>\n\t\t\t\t\t<\/div>\n\t\t","protected":false},"excerpt":{"rendered":"<p>La Fabrique V\u00e9g\u00e9tale am\u00e9nage aussi vos terrasses et balcon. Pour tout renseignement : Victor au 0615272201.<\/p>\n","protected":false},"author":1,"featured_media":0,"parent":256,"menu_order":0,"comment_status":"closed","ping_status":"closed","template":"","meta":{"om_disable_all_campaigns":false,"_monsterinsights_skip_tracking":false,"_monsterinsights_sitenote_active":false,"_monsterinsights_sitenote_note":"","_monsterinsights_sitenote_category":0,"footnotes":""},"class_list":["post-3721","page","type-page","status-publish","hentry"],"aioseo_notices":[],"_links":{"self":[{"href":"https:\/\/lafabriquevegetale.net\/index.php\/wp-json\/wp\/v2\/pages\/3721","targetHints":{"allow":["GET"]}}],"collection":[{"href":"https:\/\/lafabriquevegetale.net\/index.php\/wp-json\/wp\/v2\/pages"}],"about":[{"href":"https:\/\/lafabriquevegetale.net\/index.php\/wp-json\/wp\/v2\/types\/page"}],"author":[{"embeddable":true,"href":"https:\/\/lafabriquevegetale.net\/index.php\/wp-json\/wp\/v2\/users\/1"}],"replies":[{"embeddable":true,"href":"https:\/\/lafabriquevegetale.net\/index.php\/wp-json\/wp\/v2\/comments?post=3721"}],"version-history":[{"count":10,"href":"https:\/\/lafabriquevegetale.net\/index.php\/wp-json\/wp\/v2\/pages\/3721\/revisions"}],"predecessor-version":[{"id":3771,"href":"https:\/\/lafabriquevegetale.net\/index.php\/wp-json\/wp\/v2\/pages\/3721\/revisions\/3771"}],"up":[{"embeddable":true,"href":"https:\/\/lafabriquevegetale.net\/index.php\/wp-json\/wp\/v2\/pages\/256"}],"wp:attachment":[{"href":"https:\/\/lafabriquevegetale.net\/index.php\/wp-json\/wp\/v2\/media?parent=3721"}],"curies":[{"name":"wp","href":"https:\/\/api.w.org\/{rel}","templated":true}]}}