{"id":51,"date":"2016-12-10T17:06:56","date_gmt":"2016-12-10T16:06:56","guid":{"rendered":"http:\/\/vps405171.ovh.net\/?page_id=44"},"modified":"2022-09-24T08:53:34","modified_gmt":"2022-09-24T06:53:34","slug":"bouquets-de-mariees","status":"publish","type":"page","link":"https:\/\/lafabriquevegetale.net\/index.php\/mariages\/bouquets-de-mariees\/","title":{"rendered":"Bouquets de mari\u00e9e"},"content":{"rendered":"\t\t<div data-elementor-type=\"wp-page\" data-elementor-id=\"51\" class=\"elementor elementor-51\">\n\t\t\t\t\t\t<div class=\"elementor-inner\">\n\t\t\t\t<div class=\"elementor-section-wrap\">\n\t\t\t\t\t\t\t\t\t<section class=\"elementor-section elementor-top-section elementor-element elementor-element-17d12c9 elementor-section-boxed elementor-section-height-default elementor-section-height-default\" data-id=\"17d12c9\" data-element_type=\"section\">\n\t\t\t\t\t\t<div class=\"elementor-container elementor-column-gap-default\">\n\t\t\t\t\t\t\t<div class=\"elementor-row\">\n\t\t\t\t\t<div class=\"elementor-column elementor-col-100 elementor-top-column elementor-element elementor-element-48b9b2a2\" data-id=\"48b9b2a2\" data-element_type=\"column\">\n\t\t\t<div class=\"elementor-column-wrap elementor-element-populated\">\n\t\t\t\t\t\t\t<div class=\"elementor-widget-wrap\">\n\t\t\t\t\t\t<div class=\"elementor-element elementor-element-7ab3c5f2 elementor-widget elementor-widget-text-editor\" data-id=\"7ab3c5f2\" data-element_type=\"widget\" data-widget_type=\"text-editor.default\">\n\t\t\t\t<div class=\"elementor-widget-container\">\n\t\t\t<style>\/*! elementor - v3.7.0 - 08-08-2022 *\/\n.elementor-widget-text-editor.elementor-drop-cap-view-stacked .elementor-drop-cap{background-color:#818a91;color:#fff}.elementor-widget-text-editor.elementor-drop-cap-view-framed .elementor-drop-cap{color:#818a91;border:3px solid;background-color:transparent}.elementor-widget-text-editor:not(.elementor-drop-cap-view-default) .elementor-drop-cap{margin-top:8px}.elementor-widget-text-editor:not(.elementor-drop-cap-view-default) .elementor-drop-cap-letter{width:1em;height:1em}.elementor-widget-text-editor .elementor-drop-cap{float:left;text-align:center;line-height:1;font-size:50px}.elementor-widget-text-editor .elementor-drop-cap-letter{display:inline-block}<\/style>\t\t\t\t\t<div class=\"elementor-text-editor elementor-clearfix\">\n\t\t\t\t<div id=\"row_SECTION_4257XM4BKB\" class=\"row\">\n<div id=\"col_COLUMN_SRC0GLPJ5L\" class=\"large-24 columns\">\n<div id=\"text_BLOCK_GBE2HFV3WL\" class=\"block-text lp-attaque\">\n<blockquote><strong><span style=\"color: #238121;\">Bouquets de mari\u00e9es.<\/strong><\/blockquote>\nLe bouquet de mari\u00e9e est la pi\u00e8ce ma\u00eetresse du mariage; c&rsquo;est \u00ab\u00a0l&rsquo;atout charme\u00a0\u00bb de la mari\u00e9e.\n\nAvec <em>La Fabrique V\u00e9g\u00e9tale<\/em> d&rsquo;Oph\u00e9lie Lopes chaque pi\u00e8ce est unique; chaque bouquet personnalis\u00e9 pour relever l&rsquo;\u00e9clat et la beaut\u00e9 de la mari\u00e9e.\n\n<\/div>\n<em>Sur devis et sur rendez-vous<\/em>\n\n<\/div>\n<\/div>\t\t\t\t\t<\/div>\n\t\t\t\t\t\t<\/div>\n\t\t\t\t<\/div>\n\t\t\t\t\t\t<\/div>\n\t\t\t\t\t<\/div>\n\t\t<\/div>\n\t\t\t\t\t\t\t\t<\/div>\n\t\t\t\t\t<\/div>\n\t\t<\/section>\n\t\t\t\t<section class=\"elementor-section elementor-top-section elementor-element elementor-element-26d56f1 elementor-section-boxed elementor-section-height-default elementor-section-height-default\" data-id=\"26d56f1\" data-element_type=\"section\">\n\t\t\t\t\t\t<div class=\"elementor-container elementor-column-gap-default\">\n\t\t\t\t\t\t\t<div class=\"elementor-row\">\n\t\t\t\t\t<div class=\"elementor-column elementor-col-100 elementor-top-column elementor-element elementor-element-e5fc8c9\" data-id=\"e5fc8c9\" data-element_type=\"column\">\n\t\t\t<div class=\"elementor-column-wrap elementor-element-populated\">\n\t\t\t\t\t\t\t<div class=\"elementor-widget-wrap\">\n\t\t\t\t\t\t<div class=\"elementor-element elementor-element-19a3c87 elementor-invisible elementor-widget elementor-widget-image\" data-id=\"19a3c87\" data-element_type=\"widget\" data-settings=\"{&quot;_animation&quot;:&quot;zoomIn&quot;}\" data-widget_type=\"image.default\">\n\t\t\t\t<div class=\"elementor-widget-container\">\n\t\t\t<style>\/*! elementor - v3.7.0 - 08-08-2022 *\/\n.elementor-widget-image{text-align:center}.elementor-widget-image a{display:inline-block}.elementor-widget-image a img[src$=\".svg\"]{width:48px}.elementor-widget-image img{vertical-align:middle;display:inline-block}<\/style>\t\t\t\t\t<div class=\"elementor-image\">\n\t\t\t\t\t\t\t\t\t\t\t\t<img loading=\"lazy\" decoding=\"async\" width=\"900\" height=\"506\" src=\"https:\/\/lafabriquevegetale.net\/wp-content\/uploads\/2022\/07\/65850596_3291622824188590_2091801411347021824_n.jpg\" class=\"attachment-large size-large\" alt=\"\" srcset=\"https:\/\/lafabriquevegetale.net\/wp-content\/uploads\/2022\/07\/65850596_3291622824188590_2091801411347021824_n.jpg 960w, https:\/\/lafabriquevegetale.net\/wp-content\/uploads\/2022\/07\/65850596_3291622824188590_2091801411347021824_n-300x169.jpg 300w, https:\/\/lafabriquevegetale.net\/wp-content\/uploads\/2022\/07\/65850596_3291622824188590_2091801411347021824_n-768x432.jpg 768w\" sizes=\"auto, (max-width: 900px) 100vw, 900px\" \/>\t\t\t\t\t\t\t\t\t\t\t\t\t\t<\/div>\n\t\t\t\t\t\t<\/div>\n\t\t\t\t<\/div>\n\t\t\t\t<div class=\"elementor-element elementor-element-18e895f elementor-widget elementor-widget-image-gallery\" data-id=\"18e895f\" data-element_type=\"widget\" data-widget_type=\"image-gallery.default\">\n\t\t\t\t<div class=\"elementor-widget-container\">\n\t\t\t<style>\/*! elementor - v3.7.0 - 08-08-2022 *\/\n.elementor-image-gallery .gallery-item{display:inline-block;text-align:center;vertical-align:top;width:100%;max-width:100%;margin:0 auto}.elementor-image-gallery .gallery-item img{margin:0 auto}.elementor-image-gallery .gallery-item .gallery-caption{margin:0}.elementor-image-gallery figure img{display:block}.elementor-image-gallery figure figcaption{width:100%}.gallery-spacing-custom .elementor-image-gallery .gallery-icon{padding:0}@media (min-width:768px){.elementor-image-gallery .gallery-columns-2 .gallery-item{max-width:50%}.elementor-image-gallery .gallery-columns-3 .gallery-item{max-width:33.33%}.elementor-image-gallery .gallery-columns-4 .gallery-item{max-width:25%}.elementor-image-gallery .gallery-columns-5 .gallery-item{max-width:20%}.elementor-image-gallery .gallery-columns-6 .gallery-item{max-width:16.666%}.elementor-image-gallery .gallery-columns-7 .gallery-item{max-width:14.28%}.elementor-image-gallery .gallery-columns-8 .gallery-item{max-width:12.5%}.elementor-image-gallery .gallery-columns-9 .gallery-item{max-width:11.11%}.elementor-image-gallery .gallery-columns-10 .gallery-item{max-width:10%}}@media (min-width:480px) and (max-width:767px){.elementor-image-gallery .gallery.gallery-columns-2 .gallery-item,.elementor-image-gallery .gallery.gallery-columns-3 .gallery-item,.elementor-image-gallery .gallery.gallery-columns-4 .gallery-item,.elementor-image-gallery .gallery.gallery-columns-5 .gallery-item,.elementor-image-gallery .gallery.gallery-columns-6 .gallery-item,.elementor-image-gallery .gallery.gallery-columns-7 .gallery-item,.elementor-image-gallery .gallery.gallery-columns-8 .gallery-item,.elementor-image-gallery .gallery.gallery-columns-9 .gallery-item,.elementor-image-gallery .gallery.gallery-columns-10 .gallery-item{max-width:50%}}@media (max-width:479px){.elementor-image-gallery .gallery.gallery-columns-2 .gallery-item,.elementor-image-gallery .gallery.gallery-columns-3 .gallery-item,.elementor-image-gallery .gallery.gallery-columns-4 .gallery-item,.elementor-image-gallery .gallery.gallery-columns-5 .gallery-item,.elementor-image-gallery .gallery.gallery-columns-6 .gallery-item,.elementor-image-gallery .gallery.gallery-columns-7 .gallery-item,.elementor-image-gallery .gallery.gallery-columns-8 .gallery-item,.elementor-image-gallery .gallery.gallery-columns-9 .gallery-item,.elementor-image-gallery .gallery.gallery-columns-10 .gallery-item{max-width:100%}}<\/style>\t\t<div class=\"elementor-image-gallery\">\n\t\t\t<div id='gallery-1' class='gallery galleryid-51 gallery-columns-7 gallery-size-thumbnail'><dl class='gallery-item'>\n\t\t\t<dt class='gallery-icon portrait'>\n\t\t\t\t<a data-elementor-open-lightbox=\"yes\" data-elementor-lightbox-slideshow=\"18e895f\" data-elementor-lightbox-title=\"53576360_2984110661606476_8483490347328995328_n\" e-action-hash=\"#elementor-action%3Aaction%3Dlightbox%26settings%3DeyJpZCI6Mjk5NSwidXJsIjoiaHR0cHM6XC9cL2xhZmFicmlxdWV2ZWdldGFsZS5uZXRcL3dwLWNvbnRlbnRcL3VwbG9hZHNcLzIwMjJcLzA3XC81MzU3NjM2MF8yOTg0MTEwNjYxNjA2NDc2Xzg0ODM0OTAzNDczMjg5OTUzMjhfbi5qcGciLCJzbGlkZXNob3ciOiIxOGU4OTVmIn0%3D\" href='https:\/\/lafabriquevegetale.net\/wp-content\/uploads\/2022\/07\/53576360_2984110661606476_8483490347328995328_n.jpg'><img loading=\"lazy\" decoding=\"async\" width=\"150\" height=\"150\" src=\"https:\/\/lafabriquevegetale.net\/wp-content\/uploads\/2022\/07\/53576360_2984110661606476_8483490347328995328_n-150x150.jpg\" class=\"attachment-thumbnail size-thumbnail\" alt=\"\" srcset=\"https:\/\/lafabriquevegetale.net\/wp-content\/uploads\/2022\/07\/53576360_2984110661606476_8483490347328995328_n-150x150.jpg 150w, https:\/\/lafabriquevegetale.net\/wp-content\/uploads\/2022\/07\/53576360_2984110661606476_8483490347328995328_n-70x70.jpg 70w\" sizes=\"auto, (max-width: 150px) 100vw, 150px\" \/><\/a>\n\t\t\t<\/dt><\/dl><dl class='gallery-item'>\n\t\t\t<dt class='gallery-icon portrait'>\n\t\t\t\t<a data-elementor-open-lightbox=\"yes\" data-elementor-lightbox-slideshow=\"18e895f\" data-elementor-lightbox-title=\"Lydie-67\" e-action-hash=\"#elementor-action%3Aaction%3Dlightbox%26settings%3DeyJpZCI6Mjk0OSwidXJsIjoiaHR0cHM6XC9cL2xhZmFicmlxdWV2ZWdldGFsZS5uZXRcL3dwLWNvbnRlbnRcL3VwbG9hZHNcLzIwMjJcLzA3XC9MeWRpZS02Ny1zY2FsZWQuanBnIiwic2xpZGVzaG93IjoiMThlODk1ZiJ9\" href='https:\/\/lafabriquevegetale.net\/wp-content\/uploads\/2022\/07\/Lydie-67-scaled.jpg'><img loading=\"lazy\" decoding=\"async\" width=\"150\" height=\"150\" src=\"https:\/\/lafabriquevegetale.net\/wp-content\/uploads\/2022\/07\/Lydie-67-150x150.jpg\" class=\"attachment-thumbnail size-thumbnail\" alt=\"\" srcset=\"https:\/\/lafabriquevegetale.net\/wp-content\/uploads\/2022\/07\/Lydie-67-150x150.jpg 150w, https:\/\/lafabriquevegetale.net\/wp-content\/uploads\/2022\/07\/Lydie-67-70x70.jpg 70w\" sizes=\"auto, (max-width: 150px) 100vw, 150px\" \/><\/a>\n\t\t\t<\/dt><\/dl><dl class='gallery-item'>\n\t\t\t<dt class='gallery-icon landscape'>\n\t\t\t\t<a data-elementor-open-lightbox=\"yes\" data-elementor-lightbox-slideshow=\"18e895f\" data-elementor-lightbox-title=\"67286147_3339209412763264_6454321718210068480_o\" e-action-hash=\"#elementor-action%3Aaction%3Dlightbox%26settings%3DeyJpZCI6Mjk4NiwidXJsIjoiaHR0cHM6XC9cL2xhZmFicmlxdWV2ZWdldGFsZS5uZXRcL3dwLWNvbnRlbnRcL3VwbG9hZHNcLzIwMjJcLzA3XC82NzI4NjE0N18zMzM5MjA5NDEyNzYzMjY0XzY0NTQzMjE3MTgyMTAwNjg0ODBfby5qcGciLCJzbGlkZXNob3ciOiIxOGU4OTVmIn0%3D\" href='https:\/\/lafabriquevegetale.net\/wp-content\/uploads\/2022\/07\/67286147_3339209412763264_6454321718210068480_o.jpg'><img loading=\"lazy\" decoding=\"async\" width=\"150\" height=\"150\" src=\"https:\/\/lafabriquevegetale.net\/wp-content\/uploads\/2022\/07\/67286147_3339209412763264_6454321718210068480_o-150x150.jpg\" class=\"attachment-thumbnail size-thumbnail\" alt=\"\" srcset=\"https:\/\/lafabriquevegetale.net\/wp-content\/uploads\/2022\/07\/67286147_3339209412763264_6454321718210068480_o-150x150.jpg 150w, https:\/\/lafabriquevegetale.net\/wp-content\/uploads\/2022\/07\/67286147_3339209412763264_6454321718210068480_o-70x70.jpg 70w\" sizes=\"auto, (max-width: 150px) 100vw, 150px\" \/><\/a>\n\t\t\t<\/dt><\/dl><dl class='gallery-item'>\n\t\t\t<dt class='gallery-icon portrait'>\n\t\t\t\t<a data-elementor-open-lightbox=\"yes\" data-elementor-lightbox-slideshow=\"18e895f\" data-elementor-lightbox-title=\"IMG_20220923_153701\" e-action-hash=\"#elementor-action%3Aaction%3Dlightbox%26settings%3DeyJpZCI6MzUxMiwidXJsIjoiaHR0cHM6XC9cL2xhZmFicmlxdWV2ZWdldGFsZS5uZXRcL3dwLWNvbnRlbnRcL3VwbG9hZHNcLzIwMjJcLzA5XC9JTUdfMjAyMjA5MjNfMTUzNzAxLXNjYWxlZC5qcGciLCJzbGlkZXNob3ciOiIxOGU4OTVmIn0%3D\" href='https:\/\/lafabriquevegetale.net\/wp-content\/uploads\/2022\/09\/IMG_20220923_153701-scaled.jpg'><img loading=\"lazy\" decoding=\"async\" width=\"150\" height=\"150\" src=\"https:\/\/lafabriquevegetale.net\/wp-content\/uploads\/2022\/09\/IMG_20220923_153701-150x150.jpg\" class=\"attachment-thumbnail size-thumbnail\" alt=\"\" srcset=\"https:\/\/lafabriquevegetale.net\/wp-content\/uploads\/2022\/09\/IMG_20220923_153701-150x150.jpg 150w, https:\/\/lafabriquevegetale.net\/wp-content\/uploads\/2022\/09\/IMG_20220923_153701-70x70.jpg 70w\" sizes=\"auto, (max-width: 150px) 100vw, 150px\" \/><\/a>\n\t\t\t<\/dt><\/dl><dl class='gallery-item'>\n\t\t\t<dt class='gallery-icon landscape'>\n\t\t\t\t<a data-elementor-open-lightbox=\"yes\" data-elementor-lightbox-slideshow=\"18e895f\" data-elementor-lightbox-title=\"Gloriosa\" e-action-hash=\"#elementor-action%3Aaction%3Dlightbox%26settings%3DeyJpZCI6MzA4MCwidXJsIjoiaHR0cHM6XC9cL2xhZmFicmlxdWV2ZWdldGFsZS5uZXRcL3dwLWNvbnRlbnRcL3VwbG9hZHNcLzIwMjJcLzA4XC9HbG9yaW9zYS1zY2FsZWQuanBnIiwic2xpZGVzaG93IjoiMThlODk1ZiJ9\" href='https:\/\/lafabriquevegetale.net\/wp-content\/uploads\/2022\/08\/Gloriosa-scaled.jpg'><img loading=\"lazy\" decoding=\"async\" width=\"150\" height=\"150\" src=\"https:\/\/lafabriquevegetale.net\/wp-content\/uploads\/2022\/08\/Gloriosa-150x150.jpg\" class=\"attachment-thumbnail size-thumbnail\" alt=\"\" srcset=\"https:\/\/lafabriquevegetale.net\/wp-content\/uploads\/2022\/08\/Gloriosa-150x150.jpg 150w, https:\/\/lafabriquevegetale.net\/wp-content\/uploads\/2022\/08\/Gloriosa-70x70.jpg 70w\" sizes=\"auto, (max-width: 150px) 100vw, 150px\" \/><\/a>\n\t\t\t<\/dt><\/dl><dl class='gallery-item'>\n\t\t\t<dt class='gallery-icon portrait'>\n\t\t\t\t<a data-elementor-open-lightbox=\"yes\" data-elementor-lightbox-slideshow=\"18e895f\" data-elementor-lightbox-title=\"IMG_20200918_144038\" e-action-hash=\"#elementor-action%3Aaction%3Dlightbox%26settings%3DeyJpZCI6Mjk1MiwidXJsIjoiaHR0cHM6XC9cL2xhZmFicmlxdWV2ZWdldGFsZS5uZXRcL3dwLWNvbnRlbnRcL3VwbG9hZHNcLzIwMjJcLzA3XC9JTUdfMjAyMDA5MThfMTQ0MDM4LXNjYWxlZC5qcGciLCJzbGlkZXNob3ciOiIxOGU4OTVmIn0%3D\" href='https:\/\/lafabriquevegetale.net\/wp-content\/uploads\/2022\/07\/IMG_20200918_144038-scaled.jpg'><img loading=\"lazy\" decoding=\"async\" width=\"150\" height=\"150\" src=\"https:\/\/lafabriquevegetale.net\/wp-content\/uploads\/2022\/07\/IMG_20200918_144038-150x150.jpg\" class=\"attachment-thumbnail size-thumbnail\" alt=\"\" srcset=\"https:\/\/lafabriquevegetale.net\/wp-content\/uploads\/2022\/07\/IMG_20200918_144038-150x150.jpg 150w, https:\/\/lafabriquevegetale.net\/wp-content\/uploads\/2022\/07\/IMG_20200918_144038-70x70.jpg 70w\" sizes=\"auto, (max-width: 150px) 100vw, 150px\" \/><\/a>\n\t\t\t<\/dt><\/dl><dl class='gallery-item'>\n\t\t\t<dt class='gallery-icon landscape'>\n\t\t\t\t<a data-elementor-open-lightbox=\"yes\" data-elementor-lightbox-slideshow=\"18e895f\" data-elementor-lightbox-title=\"unnamed (5)\" e-action-hash=\"#elementor-action%3Aaction%3Dlightbox%26settings%3DeyJpZCI6Mjk0NiwidXJsIjoiaHR0cHM6XC9cL2xhZmFicmlxdWV2ZWdldGFsZS5uZXRcL3dwLWNvbnRlbnRcL3VwbG9hZHNcLzIwMjJcLzA3XC91bm5hbWVkLTUuanBnIiwic2xpZGVzaG93IjoiMThlODk1ZiJ9\" href='https:\/\/lafabriquevegetale.net\/wp-content\/uploads\/2022\/07\/unnamed-5.jpg'><img loading=\"lazy\" decoding=\"async\" width=\"150\" height=\"150\" src=\"https:\/\/lafabriquevegetale.net\/wp-content\/uploads\/2022\/07\/unnamed-5-150x150.jpg\" class=\"attachment-thumbnail size-thumbnail\" alt=\"\" srcset=\"https:\/\/lafabriquevegetale.net\/wp-content\/uploads\/2022\/07\/unnamed-5-150x150.jpg 150w, https:\/\/lafabriquevegetale.net\/wp-content\/uploads\/2022\/07\/unnamed-5-70x70.jpg 70w\" sizes=\"auto, (max-width: 150px) 100vw, 150px\" \/><\/a>\n\t\t\t<\/dt><\/dl><br style=\"clear: both\" \/>\n\t\t<\/div>\n\t\t<\/div>\n\t\t\t\t<\/div>\n\t\t\t\t<\/div>\n\t\t\t\t\t\t<\/div>\n\t\t\t\t\t<\/div>\n\t\t<\/div>\n\t\t\t\t\t\t\t\t<\/div>\n\t\t\t\t\t<\/div>\n\t\t<\/section>\n\t\t\t\t<section class=\"elementor-section elementor-top-section elementor-element elementor-element-cfceb3e elementor-section-boxed elementor-section-height-default elementor-section-height-default\" data-id=\"cfceb3e\" data-element_type=\"section\">\n\t\t\t\t\t\t<div class=\"elementor-container elementor-column-gap-default\">\n\t\t\t\t\t\t\t<div class=\"elementor-row\">\n\t\t\t\t\t<div class=\"elementor-column elementor-col-100 elementor-top-column elementor-element elementor-element-2a2b934\" data-id=\"2a2b934\" data-element_type=\"column\">\n\t\t\t<div class=\"elementor-column-wrap\">\n\t\t\t\t\t\t\t<div class=\"elementor-widget-wrap\">\n\t\t\t\t\t\t\t\t<\/div>\n\t\t\t\t\t<\/div>\n\t\t<\/div>\n\t\t\t\t\t\t\t\t<\/div>\n\t\t\t\t\t<\/div>\n\t\t<\/section>\n\t\t\t\t\t\t\t\t\t<\/div>\n\t\t\t<\/div>\n\t\t\t\t\t<\/div>\n\t\t","protected":false},"excerpt":{"rendered":"<p>Bouquets de mari\u00e9es. Le bouquet de mari\u00e9e est la pi\u00e8ce ma\u00eetresse du mariage; c&rsquo;est \u00ab\u00a0l&rsquo;atout charme\u00a0\u00bb de la mari\u00e9e. Avec La Fabrique V\u00e9g\u00e9tale d&rsquo;Oph\u00e9lie Lopes chaque pi\u00e8ce est unique; chaque<\/p>\n<p>\n                <span class=\"glyphicon glyphicon-arrow-right\"><a title=\"Continue reading\" href=\"https:\/\/lafabriquevegetale.net\/index.php\/mariages\/bouquets-de-mariees\/\">Continue reading<\/a><\/span><\/p>\n","protected":false},"author":1,"featured_media":0,"parent":48,"menu_order":1,"comment_status":"closed","ping_status":"closed","template":"","meta":{"om_disable_all_campaigns":false,"_monsterinsights_skip_tracking":false,"_monsterinsights_sitenote_active":false,"_monsterinsights_sitenote_note":"","_monsterinsights_sitenote_category":0,"footnotes":""},"class_list":["post-51","page","type-page","status-publish","hentry"],"aioseo_notices":[],"_links":{"self":[{"href":"https:\/\/lafabriquevegetale.net\/index.php\/wp-json\/wp\/v2\/pages\/51","targetHints":{"allow":["GET"]}}],"collection":[{"href":"https:\/\/lafabriquevegetale.net\/index.php\/wp-json\/wp\/v2\/pages"}],"about":[{"href":"https:\/\/lafabriquevegetale.net\/index.php\/wp-json\/wp\/v2\/types\/page"}],"author":[{"embeddable":true,"href":"https:\/\/lafabriquevegetale.net\/index.php\/wp-json\/wp\/v2\/users\/1"}],"replies":[{"embeddable":true,"href":"https:\/\/lafabriquevegetale.net\/index.php\/wp-json\/wp\/v2\/comments?post=51"}],"version-history":[{"count":36,"href":"https:\/\/lafabriquevegetale.net\/index.php\/wp-json\/wp\/v2\/pages\/51\/revisions"}],"predecessor-version":[{"id":3515,"href":"https:\/\/lafabriquevegetale.net\/index.php\/wp-json\/wp\/v2\/pages\/51\/revisions\/3515"}],"up":[{"embeddable":true,"href":"https:\/\/lafabriquevegetale.net\/index.php\/wp-json\/wp\/v2\/pages\/48"}],"wp:attachment":[{"href":"https:\/\/lafabriquevegetale.net\/index.php\/wp-json\/wp\/v2\/media?parent=51"}],"curies":[{"name":"wp","href":"https:\/\/api.w.org\/{rel}","templated":true}]}}