{"id":62,"date":"2016-12-24T14:59:26","date_gmt":"2016-12-24T13:59:26","guid":{"rendered":"http:\/\/vps405171.ovh.net\/?page_id=62"},"modified":"2022-10-01T09:35:07","modified_gmt":"2022-10-01T07:35:07","slug":"elagage-et-abatage","status":"publish","type":"page","link":"https:\/\/lafabriquevegetale.net\/index.php\/espace-vert\/elagage-et-abatage\/","title":{"rendered":"\u00c9lagage, abatage"},"content":{"rendered":"\t\t<div data-elementor-type=\"wp-page\" data-elementor-id=\"62\" class=\"elementor elementor-62\">\n\t\t\t\t\t\t<div class=\"elementor-inner\">\n\t\t\t\t<div class=\"elementor-section-wrap\">\n\t\t\t\t\t\t\t\t\t<section class=\"elementor-section elementor-top-section elementor-element elementor-element-52b8f897 elementor-section-boxed elementor-section-height-default elementor-section-height-default\" data-id=\"52b8f897\" data-element_type=\"section\">\n\t\t\t\t\t\t<div class=\"elementor-container elementor-column-gap-default\">\n\t\t\t\t\t\t\t<div class=\"elementor-row\">\n\t\t\t\t\t<div class=\"elementor-column elementor-col-100 elementor-top-column elementor-element elementor-element-152e151d\" data-id=\"152e151d\" data-element_type=\"column\">\n\t\t\t<div class=\"elementor-column-wrap elementor-element-populated\">\n\t\t\t\t\t\t\t<div class=\"elementor-widget-wrap\">\n\t\t\t\t\t\t<div class=\"elementor-element elementor-element-4c579f99 elementor-widget elementor-widget-text-editor\" data-id=\"4c579f99\" data-element_type=\"widget\" data-widget_type=\"text-editor.default\">\n\t\t\t\t<div class=\"elementor-widget-container\">\n\t\t\t<style>\/*! elementor - v3.7.0 - 08-08-2022 *\/\n.elementor-widget-text-editor.elementor-drop-cap-view-stacked .elementor-drop-cap{background-color:#818a91;color:#fff}.elementor-widget-text-editor.elementor-drop-cap-view-framed .elementor-drop-cap{color:#818a91;border:3px solid;background-color:transparent}.elementor-widget-text-editor:not(.elementor-drop-cap-view-default) .elementor-drop-cap{margin-top:8px}.elementor-widget-text-editor:not(.elementor-drop-cap-view-default) .elementor-drop-cap-letter{width:1em;height:1em}.elementor-widget-text-editor .elementor-drop-cap{float:left;text-align:center;line-height:1;font-size:50px}.elementor-widget-text-editor .elementor-drop-cap-letter{display:inline-block}<\/style>\t\t\t\t\t<div class=\"elementor-text-editor elementor-clearfix\">\n\t\t\t\t<blockquote><span style=\"color: #238121;\"><strong>De la taille d\u2019entretien de vos v\u00e9g\u00e9taux \u00e0 l\u2019abattage, en passant par l\u2019\u00e9lagage de vos arbres, une \u00e9quipe experte est \u00e0 votre \u00e9coute.<\/strong><\/span><\/blockquote>\t\t\t\t\t<\/div>\n\t\t\t\t\t\t<\/div>\n\t\t\t\t<\/div>\n\t\t\t\t\t\t<\/div>\n\t\t\t\t\t<\/div>\n\t\t<\/div>\n\t\t\t\t\t\t\t\t<\/div>\n\t\t\t\t\t<\/div>\n\t\t<\/section>\n\t\t\t\t<section class=\"elementor-section elementor-top-section elementor-element elementor-element-ab90a04 elementor-section-boxed elementor-section-height-default elementor-section-height-default elementor-invisible\" data-id=\"ab90a04\" data-element_type=\"section\" data-settings=\"{&quot;animation&quot;:&quot;pulse&quot;}\">\n\t\t\t\t\t\t<div class=\"elementor-container elementor-column-gap-default\">\n\t\t\t\t\t\t\t<div class=\"elementor-row\">\n\t\t\t\t\t<div class=\"elementor-column elementor-col-100 elementor-top-column elementor-element elementor-element-eec2ae8\" data-id=\"eec2ae8\" data-element_type=\"column\">\n\t\t\t<div class=\"elementor-column-wrap elementor-element-populated\">\n\t\t\t\t\t\t\t<div class=\"elementor-widget-wrap\">\n\t\t\t\t\t\t<div class=\"elementor-element elementor-element-a7ae91c elementor-widget elementor-widget-image-gallery\" data-id=\"a7ae91c\" data-element_type=\"widget\" data-widget_type=\"image-gallery.default\">\n\t\t\t\t<div class=\"elementor-widget-container\">\n\t\t\t<style>\/*! elementor - v3.7.0 - 08-08-2022 *\/\n.elementor-image-gallery .gallery-item{display:inline-block;text-align:center;vertical-align:top;width:100%;max-width:100%;margin:0 auto}.elementor-image-gallery .gallery-item img{margin:0 auto}.elementor-image-gallery .gallery-item .gallery-caption{margin:0}.elementor-image-gallery figure img{display:block}.elementor-image-gallery figure figcaption{width:100%}.gallery-spacing-custom .elementor-image-gallery .gallery-icon{padding:0}@media (min-width:768px){.elementor-image-gallery .gallery-columns-2 .gallery-item{max-width:50%}.elementor-image-gallery .gallery-columns-3 .gallery-item{max-width:33.33%}.elementor-image-gallery .gallery-columns-4 .gallery-item{max-width:25%}.elementor-image-gallery .gallery-columns-5 .gallery-item{max-width:20%}.elementor-image-gallery .gallery-columns-6 .gallery-item{max-width:16.666%}.elementor-image-gallery .gallery-columns-7 .gallery-item{max-width:14.28%}.elementor-image-gallery .gallery-columns-8 .gallery-item{max-width:12.5%}.elementor-image-gallery .gallery-columns-9 .gallery-item{max-width:11.11%}.elementor-image-gallery .gallery-columns-10 .gallery-item{max-width:10%}}@media (min-width:480px) and (max-width:767px){.elementor-image-gallery .gallery.gallery-columns-2 .gallery-item,.elementor-image-gallery .gallery.gallery-columns-3 .gallery-item,.elementor-image-gallery .gallery.gallery-columns-4 .gallery-item,.elementor-image-gallery .gallery.gallery-columns-5 .gallery-item,.elementor-image-gallery .gallery.gallery-columns-6 .gallery-item,.elementor-image-gallery .gallery.gallery-columns-7 .gallery-item,.elementor-image-gallery .gallery.gallery-columns-8 .gallery-item,.elementor-image-gallery .gallery.gallery-columns-9 .gallery-item,.elementor-image-gallery .gallery.gallery-columns-10 .gallery-item{max-width:50%}}@media (max-width:479px){.elementor-image-gallery .gallery.gallery-columns-2 .gallery-item,.elementor-image-gallery .gallery.gallery-columns-3 .gallery-item,.elementor-image-gallery .gallery.gallery-columns-4 .gallery-item,.elementor-image-gallery .gallery.gallery-columns-5 .gallery-item,.elementor-image-gallery .gallery.gallery-columns-6 .gallery-item,.elementor-image-gallery .gallery.gallery-columns-7 .gallery-item,.elementor-image-gallery .gallery.gallery-columns-8 .gallery-item,.elementor-image-gallery .gallery.gallery-columns-9 .gallery-item,.elementor-image-gallery .gallery.gallery-columns-10 .gallery-item{max-width:100%}}<\/style>\t\t<div class=\"elementor-image-gallery\">\n\t\t\t<div id='gallery-1' class='gallery galleryid-62 gallery-columns-5 gallery-size-thumbnail'><dl class='gallery-item'>\n\t\t\t<dt class='gallery-icon landscape'>\n\t\t\t\t<a data-elementor-open-lightbox=\"yes\" data-elementor-lightbox-slideshow=\"a7ae91c\" data-elementor-lightbox-title=\"100_0497\" e-action-hash=\"#elementor-action%3Aaction%3Dlightbox%26settings%3DeyJpZCI6NTc2LCJ1cmwiOiJodHRwczpcL1wvbGFmYWJyaXF1ZXZlZ2V0YWxlLm5ldFwvd3AtY29udGVudFwvdXBsb2Fkc1wvMjAxN1wvMDVcLzEwMF8wNDk3LXNjYWxlZC0xLmpwZyIsInNsaWRlc2hvdyI6ImE3YWU5MWMifQ%3D%3D\" href='https:\/\/lafabriquevegetale.net\/wp-content\/uploads\/2017\/05\/100_0497-scaled-1.jpg'><img loading=\"lazy\" decoding=\"async\" width=\"150\" height=\"150\" src=\"https:\/\/lafabriquevegetale.net\/wp-content\/uploads\/2017\/05\/100_0497-scaled-1-150x150.jpg\" class=\"attachment-thumbnail size-thumbnail\" alt=\"\" srcset=\"https:\/\/lafabriquevegetale.net\/wp-content\/uploads\/2017\/05\/100_0497-scaled-1-150x150.jpg 150w, https:\/\/lafabriquevegetale.net\/wp-content\/uploads\/2017\/05\/100_0497-scaled-1-70x70.jpg 70w\" sizes=\"auto, (max-width: 150px) 100vw, 150px\" \/><\/a>\n\t\t\t<\/dt><\/dl><dl class='gallery-item'>\n\t\t\t<dt class='gallery-icon landscape'>\n\t\t\t\t<a data-elementor-open-lightbox=\"yes\" data-elementor-lightbox-slideshow=\"a7ae91c\" data-elementor-lightbox-title=\"100_0495\" e-action-hash=\"#elementor-action%3Aaction%3Dlightbox%26settings%3DeyJpZCI6NTc1LCJ1cmwiOiJodHRwczpcL1wvbGFmYWJyaXF1ZXZlZ2V0YWxlLm5ldFwvd3AtY29udGVudFwvdXBsb2Fkc1wvMjAxN1wvMDVcLzEwMF8wNDk1LXNjYWxlZC0xLmpwZyIsInNsaWRlc2hvdyI6ImE3YWU5MWMifQ%3D%3D\" href='https:\/\/lafabriquevegetale.net\/wp-content\/uploads\/2017\/05\/100_0495-scaled-1.jpg'><img loading=\"lazy\" decoding=\"async\" width=\"150\" height=\"150\" src=\"https:\/\/lafabriquevegetale.net\/wp-content\/uploads\/2017\/05\/100_0495-scaled-1-150x150.jpg\" class=\"attachment-thumbnail size-thumbnail\" alt=\"\" srcset=\"https:\/\/lafabriquevegetale.net\/wp-content\/uploads\/2017\/05\/100_0495-scaled-1-150x150.jpg 150w, https:\/\/lafabriquevegetale.net\/wp-content\/uploads\/2017\/05\/100_0495-scaled-1-70x70.jpg 70w\" sizes=\"auto, (max-width: 150px) 100vw, 150px\" \/><\/a>\n\t\t\t<\/dt><\/dl><dl class='gallery-item'>\n\t\t\t<dt class='gallery-icon portrait'>\n\t\t\t\t<a data-elementor-open-lightbox=\"yes\" data-elementor-lightbox-slideshow=\"a7ae91c\" data-elementor-lightbox-title=\"100_0477\" e-action-hash=\"#elementor-action%3Aaction%3Dlightbox%26settings%3DeyJpZCI6NTc0LCJ1cmwiOiJodHRwczpcL1wvbGFmYWJyaXF1ZXZlZ2V0YWxlLm5ldFwvd3AtY29udGVudFwvdXBsb2Fkc1wvMjAxN1wvMDVcLzEwMF8wNDc3LXNjYWxlZC0xLmpwZyIsInNsaWRlc2hvdyI6ImE3YWU5MWMifQ%3D%3D\" href='https:\/\/lafabriquevegetale.net\/wp-content\/uploads\/2017\/05\/100_0477-scaled-1.jpg'><img loading=\"lazy\" decoding=\"async\" width=\"150\" height=\"150\" src=\"https:\/\/lafabriquevegetale.net\/wp-content\/uploads\/2017\/05\/100_0477-scaled-1-150x150.jpg\" class=\"attachment-thumbnail size-thumbnail\" alt=\"\" srcset=\"https:\/\/lafabriquevegetale.net\/wp-content\/uploads\/2017\/05\/100_0477-scaled-1-150x150.jpg 150w, https:\/\/lafabriquevegetale.net\/wp-content\/uploads\/2017\/05\/100_0477-scaled-1-70x70.jpg 70w\" sizes=\"auto, (max-width: 150px) 100vw, 150px\" \/><\/a>\n\t\t\t<\/dt><\/dl><dl class='gallery-item'>\n\t\t\t<dt class='gallery-icon portrait'>\n\t\t\t\t<a data-elementor-open-lightbox=\"yes\" data-elementor-lightbox-slideshow=\"a7ae91c\" data-elementor-lightbox-title=\"100_0473\" e-action-hash=\"#elementor-action%3Aaction%3Dlightbox%26settings%3DeyJpZCI6NTczLCJ1cmwiOiJodHRwczpcL1wvbGFmYWJyaXF1ZXZlZ2V0YWxlLm5ldFwvd3AtY29udGVudFwvdXBsb2Fkc1wvMjAxN1wvMDVcLzEwMF8wNDczLXNjYWxlZC0xLmpwZyIsInNsaWRlc2hvdyI6ImE3YWU5MWMifQ%3D%3D\" href='https:\/\/lafabriquevegetale.net\/wp-content\/uploads\/2017\/05\/100_0473-scaled-1.jpg'><img loading=\"lazy\" decoding=\"async\" width=\"150\" height=\"150\" src=\"https:\/\/lafabriquevegetale.net\/wp-content\/uploads\/2017\/05\/100_0473-scaled-1-150x150.jpg\" class=\"attachment-thumbnail size-thumbnail\" alt=\"\" srcset=\"https:\/\/lafabriquevegetale.net\/wp-content\/uploads\/2017\/05\/100_0473-scaled-1-150x150.jpg 150w, https:\/\/lafabriquevegetale.net\/wp-content\/uploads\/2017\/05\/100_0473-scaled-1-70x70.jpg 70w\" sizes=\"auto, (max-width: 150px) 100vw, 150px\" \/><\/a>\n\t\t\t<\/dt><\/dl><dl class='gallery-item'>\n\t\t\t<dt class='gallery-icon landscape'>\n\t\t\t\t<a data-elementor-open-lightbox=\"yes\" data-elementor-lightbox-slideshow=\"a7ae91c\" data-elementor-lightbox-title=\"image000001(3)\" e-action-hash=\"#elementor-action%3Aaction%3Dlightbox%26settings%3DeyJpZCI6MzY2MiwidXJsIjoiaHR0cHM6XC9cL2xhZmFicmlxdWV2ZWdldGFsZS5uZXRcL3dwLWNvbnRlbnRcL3VwbG9hZHNcLzIwMjJcLzEwXC9pbWFnZTAwMDAwMTMuanBnIiwic2xpZGVzaG93IjoiYTdhZTkxYyJ9\" href='https:\/\/lafabriquevegetale.net\/wp-content\/uploads\/2022\/10\/image0000013.jpg'><img loading=\"lazy\" decoding=\"async\" width=\"150\" height=\"150\" src=\"https:\/\/lafabriquevegetale.net\/wp-content\/uploads\/2022\/10\/image0000013-150x150.jpg\" class=\"attachment-thumbnail size-thumbnail\" alt=\"\" srcset=\"https:\/\/lafabriquevegetale.net\/wp-content\/uploads\/2022\/10\/image0000013-150x150.jpg 150w, https:\/\/lafabriquevegetale.net\/wp-content\/uploads\/2022\/10\/image0000013-70x70.jpg 70w\" sizes=\"auto, (max-width: 150px) 100vw, 150px\" \/><\/a>\n\t\t\t<\/dt><\/dl><br style=\"clear: both\" \/><dl class='gallery-item'>\n\t\t\t<dt class='gallery-icon landscape'>\n\t\t\t\t<a data-elementor-open-lightbox=\"yes\" data-elementor-lightbox-slideshow=\"a7ae91c\" data-elementor-lightbox-title=\"image000000(2) (2)\" e-action-hash=\"#elementor-action%3Aaction%3Dlightbox%26settings%3DeyJpZCI6MzY2MywidXJsIjoiaHR0cHM6XC9cL2xhZmFicmlxdWV2ZWdldGFsZS5uZXRcL3dwLWNvbnRlbnRcL3VwbG9hZHNcLzIwMjJcLzEwXC9pbWFnZTAwMDAwMDItMi5qcGciLCJzbGlkZXNob3ciOiJhN2FlOTFjIn0%3D\" href='https:\/\/lafabriquevegetale.net\/wp-content\/uploads\/2022\/10\/image0000002-2.jpg'><img loading=\"lazy\" decoding=\"async\" width=\"150\" height=\"150\" src=\"https:\/\/lafabriquevegetale.net\/wp-content\/uploads\/2022\/10\/image0000002-2-150x150.jpg\" class=\"attachment-thumbnail size-thumbnail\" alt=\"\" srcset=\"https:\/\/lafabriquevegetale.net\/wp-content\/uploads\/2022\/10\/image0000002-2-150x150.jpg 150w, https:\/\/lafabriquevegetale.net\/wp-content\/uploads\/2022\/10\/image0000002-2-70x70.jpg 70w\" sizes=\"auto, (max-width: 150px) 100vw, 150px\" \/><\/a>\n\t\t\t<\/dt><\/dl><dl class='gallery-item'>\n\t\t\t<dt class='gallery-icon portrait'>\n\t\t\t\t<a data-elementor-open-lightbox=\"yes\" data-elementor-lightbox-slideshow=\"a7ae91c\" data-elementor-lightbox-title=\"20210113_103958\" e-action-hash=\"#elementor-action%3Aaction%3Dlightbox%26settings%3DeyJpZCI6MzY2NiwidXJsIjoiaHR0cHM6XC9cL2xhZmFicmlxdWV2ZWdldGFsZS5uZXRcL3dwLWNvbnRlbnRcL3VwbG9hZHNcLzIwMjJcLzEwXC8yMDIxMDExM18xMDM5NTgtc2NhbGVkLmpwZyIsInNsaWRlc2hvdyI6ImE3YWU5MWMifQ%3D%3D\" href='https:\/\/lafabriquevegetale.net\/wp-content\/uploads\/2022\/10\/20210113_103958-scaled.jpg'><img loading=\"lazy\" decoding=\"async\" width=\"150\" height=\"150\" src=\"https:\/\/lafabriquevegetale.net\/wp-content\/uploads\/2022\/10\/20210113_103958-150x150.jpg\" class=\"attachment-thumbnail size-thumbnail\" alt=\"\" srcset=\"https:\/\/lafabriquevegetale.net\/wp-content\/uploads\/2022\/10\/20210113_103958-150x150.jpg 150w, https:\/\/lafabriquevegetale.net\/wp-content\/uploads\/2022\/10\/20210113_103958-70x70.jpg 70w\" sizes=\"auto, (max-width: 150px) 100vw, 150px\" \/><\/a>\n\t\t\t<\/dt><\/dl><dl class='gallery-item'>\n\t\t\t<dt class='gallery-icon portrait'>\n\t\t\t\t<a data-elementor-open-lightbox=\"yes\" data-elementor-lightbox-slideshow=\"a7ae91c\" data-elementor-lightbox-title=\"20210105_091651\" e-action-hash=\"#elementor-action%3Aaction%3Dlightbox%26settings%3DeyJpZCI6MzY2NywidXJsIjoiaHR0cHM6XC9cL2xhZmFicmlxdWV2ZWdldGFsZS5uZXRcL3dwLWNvbnRlbnRcL3VwbG9hZHNcLzIwMjJcLzEwXC8yMDIxMDEwNV8wOTE2NTEtc2NhbGVkLmpwZyIsInNsaWRlc2hvdyI6ImE3YWU5MWMifQ%3D%3D\" href='https:\/\/lafabriquevegetale.net\/wp-content\/uploads\/2022\/10\/20210105_091651-scaled.jpg'><img loading=\"lazy\" decoding=\"async\" width=\"150\" height=\"150\" src=\"https:\/\/lafabriquevegetale.net\/wp-content\/uploads\/2022\/10\/20210105_091651-150x150.jpg\" class=\"attachment-thumbnail size-thumbnail\" alt=\"\" srcset=\"https:\/\/lafabriquevegetale.net\/wp-content\/uploads\/2022\/10\/20210105_091651-150x150.jpg 150w, https:\/\/lafabriquevegetale.net\/wp-content\/uploads\/2022\/10\/20210105_091651-70x70.jpg 70w\" sizes=\"auto, (max-width: 150px) 100vw, 150px\" \/><\/a>\n\t\t\t<\/dt><\/dl><dl class='gallery-item'>\n\t\t\t<dt class='gallery-icon portrait'>\n\t\t\t\t<a data-elementor-open-lightbox=\"yes\" data-elementor-lightbox-slideshow=\"a7ae91c\" data-elementor-lightbox-title=\"20191129_110906\" e-action-hash=\"#elementor-action%3Aaction%3Dlightbox%26settings%3DeyJpZCI6MzY2OCwidXJsIjoiaHR0cHM6XC9cL2xhZmFicmlxdWV2ZWdldGFsZS5uZXRcL3dwLWNvbnRlbnRcL3VwbG9hZHNcLzIwMjJcLzEwXC8yMDE5MTEyOV8xMTA5MDYtc2NhbGVkLmpwZyIsInNsaWRlc2hvdyI6ImE3YWU5MWMifQ%3D%3D\" href='https:\/\/lafabriquevegetale.net\/wp-content\/uploads\/2022\/10\/20191129_110906-scaled.jpg'><img loading=\"lazy\" decoding=\"async\" width=\"150\" height=\"150\" src=\"https:\/\/lafabriquevegetale.net\/wp-content\/uploads\/2022\/10\/20191129_110906-150x150.jpg\" class=\"attachment-thumbnail size-thumbnail\" alt=\"\" srcset=\"https:\/\/lafabriquevegetale.net\/wp-content\/uploads\/2022\/10\/20191129_110906-150x150.jpg 150w, https:\/\/lafabriquevegetale.net\/wp-content\/uploads\/2022\/10\/20191129_110906-70x70.jpg 70w\" sizes=\"auto, (max-width: 150px) 100vw, 150px\" \/><\/a>\n\t\t\t<\/dt><\/dl><dl class='gallery-item'>\n\t\t\t<dt class='gallery-icon landscape'>\n\t\t\t\t<a data-elementor-open-lightbox=\"yes\" data-elementor-lightbox-slideshow=\"a7ae91c\" data-elementor-lightbox-title=\"20191116_130336\" e-action-hash=\"#elementor-action%3Aaction%3Dlightbox%26settings%3DeyJpZCI6MzY2OSwidXJsIjoiaHR0cHM6XC9cL2xhZmFicmlxdWV2ZWdldGFsZS5uZXRcL3dwLWNvbnRlbnRcL3VwbG9hZHNcLzIwMjJcLzEwXC8yMDE5MTExNl8xMzAzMzYtc2NhbGVkLmpwZyIsInNsaWRlc2hvdyI6ImE3YWU5MWMifQ%3D%3D\" href='https:\/\/lafabriquevegetale.net\/wp-content\/uploads\/2022\/10\/20191116_130336-scaled.jpg'><img loading=\"lazy\" decoding=\"async\" width=\"150\" height=\"150\" src=\"https:\/\/lafabriquevegetale.net\/wp-content\/uploads\/2022\/10\/20191116_130336-150x150.jpg\" class=\"attachment-thumbnail size-thumbnail\" alt=\"\" srcset=\"https:\/\/lafabriquevegetale.net\/wp-content\/uploads\/2022\/10\/20191116_130336-150x150.jpg 150w, https:\/\/lafabriquevegetale.net\/wp-content\/uploads\/2022\/10\/20191116_130336-70x70.jpg 70w\" sizes=\"auto, (max-width: 150px) 100vw, 150px\" \/><\/a>\n\t\t\t<\/dt><\/dl><br style=\"clear: both\" \/><dl class='gallery-item'>\n\t\t\t<dt class='gallery-icon portrait'>\n\t\t\t\t<a data-elementor-open-lightbox=\"yes\" data-elementor-lightbox-slideshow=\"a7ae91c\" data-elementor-lightbox-title=\"20191116_121722\" e-action-hash=\"#elementor-action%3Aaction%3Dlightbox%26settings%3DeyJpZCI6MzY3MCwidXJsIjoiaHR0cHM6XC9cL2xhZmFicmlxdWV2ZWdldGFsZS5uZXRcL3dwLWNvbnRlbnRcL3VwbG9hZHNcLzIwMjJcLzEwXC8yMDE5MTExNl8xMjE3MjItc2NhbGVkLmpwZyIsInNsaWRlc2hvdyI6ImE3YWU5MWMifQ%3D%3D\" href='https:\/\/lafabriquevegetale.net\/wp-content\/uploads\/2022\/10\/20191116_121722-scaled.jpg'><img loading=\"lazy\" decoding=\"async\" width=\"150\" height=\"150\" src=\"https:\/\/lafabriquevegetale.net\/wp-content\/uploads\/2022\/10\/20191116_121722-150x150.jpg\" class=\"attachment-thumbnail size-thumbnail\" alt=\"\" srcset=\"https:\/\/lafabriquevegetale.net\/wp-content\/uploads\/2022\/10\/20191116_121722-150x150.jpg 150w, https:\/\/lafabriquevegetale.net\/wp-content\/uploads\/2022\/10\/20191116_121722-70x70.jpg 70w\" sizes=\"auto, (max-width: 150px) 100vw, 150px\" \/><\/a>\n\t\t\t<\/dt><\/dl><dl class='gallery-item'>\n\t\t\t<dt class='gallery-icon portrait'>\n\t\t\t\t<a data-elementor-open-lightbox=\"yes\" data-elementor-lightbox-slideshow=\"a7ae91c\" data-elementor-lightbox-title=\"20160727_100230\" e-action-hash=\"#elementor-action%3Aaction%3Dlightbox%26settings%3DeyJpZCI6MzY3MSwidXJsIjoiaHR0cHM6XC9cL2xhZmFicmlxdWV2ZWdldGFsZS5uZXRcL3dwLWNvbnRlbnRcL3VwbG9hZHNcLzIwMjJcLzEwXC8yMDE2MDcyN18xMDAyMzAuanBlZyIsInNsaWRlc2hvdyI6ImE3YWU5MWMifQ%3D%3D\" href='https:\/\/lafabriquevegetale.net\/wp-content\/uploads\/2022\/10\/20160727_100230.jpeg'><img loading=\"lazy\" decoding=\"async\" width=\"150\" height=\"150\" src=\"https:\/\/lafabriquevegetale.net\/wp-content\/uploads\/2022\/10\/20160727_100230-150x150.jpeg\" class=\"attachment-thumbnail size-thumbnail\" alt=\"\" srcset=\"https:\/\/lafabriquevegetale.net\/wp-content\/uploads\/2022\/10\/20160727_100230-150x150.jpeg 150w, https:\/\/lafabriquevegetale.net\/wp-content\/uploads\/2022\/10\/20160727_100230-70x70.jpeg 70w\" sizes=\"auto, (max-width: 150px) 100vw, 150px\" \/><\/a>\n\t\t\t<\/dt><\/dl><dl class='gallery-item'>\n\t\t\t<dt class='gallery-icon landscape'>\n\t\t\t\t<a data-elementor-open-lightbox=\"yes\" data-elementor-lightbox-slideshow=\"a7ae91c\" data-elementor-lightbox-title=\"JPELAGAGE1 copie\" e-action-hash=\"#elementor-action%3Aaction%3Dlightbox%26settings%3DeyJpZCI6MzY3MywidXJsIjoiaHR0cHM6XC9cL2xhZmFicmlxdWV2ZWdldGFsZS5uZXRcL3dwLWNvbnRlbnRcL3VwbG9hZHNcLzIwMjJcLzEwXC9KUEVMQUdBR0UxLWNvcGllLmpwZyIsInNsaWRlc2hvdyI6ImE3YWU5MWMifQ%3D%3D\" href='https:\/\/lafabriquevegetale.net\/wp-content\/uploads\/2022\/10\/JPELAGAGE1-copie.jpg'><img loading=\"lazy\" decoding=\"async\" width=\"150\" height=\"150\" src=\"https:\/\/lafabriquevegetale.net\/wp-content\/uploads\/2022\/10\/JPELAGAGE1-copie-150x150.jpg\" class=\"attachment-thumbnail size-thumbnail\" alt=\"\" srcset=\"https:\/\/lafabriquevegetale.net\/wp-content\/uploads\/2022\/10\/JPELAGAGE1-copie-150x150.jpg 150w, https:\/\/lafabriquevegetale.net\/wp-content\/uploads\/2022\/10\/JPELAGAGE1-copie-70x70.jpg 70w\" sizes=\"auto, (max-width: 150px) 100vw, 150px\" \/><\/a>\n\t\t\t<\/dt><\/dl><dl class='gallery-item'>\n\t\t\t<dt class='gallery-icon landscape'>\n\t\t\t\t<a data-elementor-open-lightbox=\"yes\" data-elementor-lightbox-slideshow=\"a7ae91c\" data-elementor-lightbox-title=\"IMGP4331 copie\" e-action-hash=\"#elementor-action%3Aaction%3Dlightbox%26settings%3DeyJpZCI6MzY3NCwidXJsIjoiaHR0cHM6XC9cL2xhZmFicmlxdWV2ZWdldGFsZS5uZXRcL3dwLWNvbnRlbnRcL3VwbG9hZHNcLzIwMjJcLzEwXC9JTUdQNDMzMS1jb3BpZS5qcGciLCJzbGlkZXNob3ciOiJhN2FlOTFjIn0%3D\" href='https:\/\/lafabriquevegetale.net\/wp-content\/uploads\/2022\/10\/IMGP4331-copie.jpg'><img loading=\"lazy\" decoding=\"async\" width=\"150\" height=\"150\" src=\"https:\/\/lafabriquevegetale.net\/wp-content\/uploads\/2022\/10\/IMGP4331-copie-150x150.jpg\" class=\"attachment-thumbnail size-thumbnail\" alt=\"\" srcset=\"https:\/\/lafabriquevegetale.net\/wp-content\/uploads\/2022\/10\/IMGP4331-copie-150x150.jpg 150w, https:\/\/lafabriquevegetale.net\/wp-content\/uploads\/2022\/10\/IMGP4331-copie-70x70.jpg 70w\" sizes=\"auto, (max-width: 150px) 100vw, 150px\" \/><\/a>\n\t\t\t<\/dt><\/dl><dl class='gallery-item'>\n\t\t\t<dt class='gallery-icon landscape'>\n\t\t\t\t<a data-elementor-open-lightbox=\"yes\" data-elementor-lightbox-slideshow=\"a7ae91c\" data-elementor-lightbox-title=\"IMGP4236 copie\" e-action-hash=\"#elementor-action%3Aaction%3Dlightbox%26settings%3DeyJpZCI6MzY3NSwidXJsIjoiaHR0cHM6XC9cL2xhZmFicmlxdWV2ZWdldGFsZS5uZXRcL3dwLWNvbnRlbnRcL3VwbG9hZHNcLzIwMjJcLzEwXC9JTUdQNDIzNi1jb3BpZS5qcGciLCJzbGlkZXNob3ciOiJhN2FlOTFjIn0%3D\" href='https:\/\/lafabriquevegetale.net\/wp-content\/uploads\/2022\/10\/IMGP4236-copie.jpg'><img loading=\"lazy\" decoding=\"async\" width=\"150\" height=\"150\" src=\"https:\/\/lafabriquevegetale.net\/wp-content\/uploads\/2022\/10\/IMGP4236-copie-150x150.jpg\" class=\"attachment-thumbnail size-thumbnail\" alt=\"\" srcset=\"https:\/\/lafabriquevegetale.net\/wp-content\/uploads\/2022\/10\/IMGP4236-copie-150x150.jpg 150w, https:\/\/lafabriquevegetale.net\/wp-content\/uploads\/2022\/10\/IMGP4236-copie-70x70.jpg 70w\" sizes=\"auto, (max-width: 150px) 100vw, 150px\" \/><\/a>\n\t\t\t<\/dt><\/dl><br style=\"clear: both\" \/>\n\t\t<\/div>\n\t\t<\/div>\n\t\t\t\t<\/div>\n\t\t\t\t<\/div>\n\t\t\t\t\t\t<\/div>\n\t\t\t\t\t<\/div>\n\t\t<\/div>\n\t\t\t\t\t\t\t\t<\/div>\n\t\t\t\t\t<\/div>\n\t\t<\/section>\n\t\t\t\t\t\t\t\t\t<\/div>\n\t\t\t<\/div>\n\t\t\t\t\t<\/div>\n\t\t","protected":false},"excerpt":{"rendered":"<p>De la taille d\u2019entretien de vos v\u00e9g\u00e9taux \u00e0 l\u2019abattage, en passant par l\u2019\u00e9lagage de vos arbres, une \u00e9quipe experte est \u00e0 votre \u00e9coute.<\/p>\n","protected":false},"author":1,"featured_media":0,"parent":256,"menu_order":2,"comment_status":"closed","ping_status":"closed","template":"","meta":{"om_disable_all_campaigns":false,"_monsterinsights_skip_tracking":false,"_monsterinsights_sitenote_active":false,"_monsterinsights_sitenote_note":"","_monsterinsights_sitenote_category":0,"footnotes":""},"class_list":["post-62","page","type-page","status-publish","hentry"],"aioseo_notices":[],"_links":{"self":[{"href":"https:\/\/lafabriquevegetale.net\/index.php\/wp-json\/wp\/v2\/pages\/62","targetHints":{"allow":["GET"]}}],"collection":[{"href":"https:\/\/lafabriquevegetale.net\/index.php\/wp-json\/wp\/v2\/pages"}],"about":[{"href":"https:\/\/lafabriquevegetale.net\/index.php\/wp-json\/wp\/v2\/types\/page"}],"author":[{"embeddable":true,"href":"https:\/\/lafabriquevegetale.net\/index.php\/wp-json\/wp\/v2\/users\/1"}],"replies":[{"embeddable":true,"href":"https:\/\/lafabriquevegetale.net\/index.php\/wp-json\/wp\/v2\/comments?post=62"}],"version-history":[{"count":16,"href":"https:\/\/lafabriquevegetale.net\/index.php\/wp-json\/wp\/v2\/pages\/62\/revisions"}],"predecessor-version":[{"id":3717,"href":"https:\/\/lafabriquevegetale.net\/index.php\/wp-json\/wp\/v2\/pages\/62\/revisions\/3717"}],"up":[{"embeddable":true,"href":"https:\/\/lafabriquevegetale.net\/index.php\/wp-json\/wp\/v2\/pages\/256"}],"wp:attachment":[{"href":"https:\/\/lafabriquevegetale.net\/index.php\/wp-json\/wp\/v2\/media?parent=62"}],"curies":[{"name":"wp","href":"https:\/\/api.w.org\/{rel}","templated":true}]}}