{"id":980,"date":"2017-07-28T07:57:56","date_gmt":"2017-07-28T05:57:56","guid":{"rendered":"http:\/\/laserredewissous.fr\/?page_id=980"},"modified":"2022-10-14T16:54:20","modified_gmt":"2022-10-14T14:54:20","slug":"mentions-legales","status":"publish","type":"page","link":"https:\/\/lafabriquevegetale.net\/index.php\/mentions-legales\/","title":{"rendered":"Mentions L\u00e9gales"},"content":{"rendered":"<p><strong>\u00c9diteur<\/strong><\/p>\n<p>SARL CHAUVEAU, <em>La Fabrique V\u00e9g\u00e9tale<\/em><\/p>\n<p>Si\u00e8ge social: 11 bis VOIE DES MOLI\u00c8RES 91320 WISSOUS<\/p>\n<p>Tel: 01.69.20.86.70<\/p>\n<p>SIRET: 32931228400030 \u2013 CHAUVEAU-FLEURS SARL<\/p>\n<p>N\u00b0 TVA: FR1232931228400030<\/p>\n<p><strong>Confidentialit\u00e9<\/strong><\/p>\n<p><em>La Fabrique V\u00e9g\u00e9tale<\/em>\u00a0n&rsquo;enregistre aucune information personnelle permettant l&rsquo;identification, \u00e0 l&rsquo;exception des formulaires \u201ccarte de fid\u00e9lit\u00e9\u201dque l&rsquo;utilisateur est libre de remplir. Ces informations ne peuvent \u00eatre utilis\u00e9es sans accord pr\u00e9alable, et \u00e0 la seule fin d\u2019adresser aux clients des courriers, des brochures, des promotions, des factures, des devis ou des actions \u00e9v\u00e9nementielles.<\/p>\n<p>Les informations recueillies sur le site Internet de <em>La Fabrique V\u00e9g\u00e9tale<\/em>\u00a0sont sous la protection de la loi \u00ab\u00a0Informatique et Libert\u00e9s\u00a0\u00bb n\u00b0 78-17 du 06 janvier 1978. Elles b\u00e9n\u00e9ficient d&rsquo;un droit d&rsquo;acc\u00e8s, de rectification, d&rsquo;opposition \u00e0 communication et de suppression sur simple demande \u00e0 <em>La Serre de Wissous,<\/em> 11 bis voie des Moli\u00e8res, 91320 Wissous.<\/p>\n<p><strong>Utilisation de cookies<\/strong><\/p>\n<p>Le site Internet de <em>La Fabrique V\u00e9g\u00e9tale<\/em>\u00a0n\u2019utilise pas de cookies. Il n\u2019y a donc pas de connexion possible entre celui-ci et d\u2019autres sites<\/p>\n<p><strong>Directeur de la publication<\/strong><\/p>\n<p>Victor Lopes, g\u00e9rant de la SARL CHAUVEAU <em>La Fabrique V\u00e9g\u00e9tale<\/em><\/p>\n<p><strong>H\u00e9bergement<\/strong><\/p>\n<p>OVH, 2 rue Kellermann 59100 Roubaix France<\/p>\n","protected":false},"excerpt":{"rendered":"<p>\u00c9diteur SARL CHAUVEAU, La Fabrique V\u00e9g\u00e9tale Si\u00e8ge social: 11 bis VOIE DES MOLI\u00c8RES 91320 WISSOUS Tel: 01.69.20.86.70 SIRET: 32931228400030 \u2013 CHAUVEAU-FLEURS SARL N\u00b0 TVA: FR1232931228400030 Confidentialit\u00e9 La Fabrique V\u00e9g\u00e9tale\u00a0n&rsquo;enregistre aucune<\/p>\n<p>\n                <span class=\"glyphicon glyphicon-arrow-right\"><a title=\"Continue reading\" href=\"https:\/\/lafabriquevegetale.net\/index.php\/mentions-legales\/\">Continue reading<\/a><\/span><\/p>\n","protected":false},"author":1,"featured_media":0,"parent":0,"menu_order":0,"comment_status":"closed","ping_status":"closed","template":"","meta":{"om_disable_all_campaigns":false,"_monsterinsights_skip_tracking":false,"_monsterinsights_sitenote_active":false,"_monsterinsights_sitenote_note":"","_monsterinsights_sitenote_category":0,"footnotes":""},"class_list":["post-980","page","type-page","status-publish","hentry"],"aioseo_notices":[],"_links":{"self":[{"href":"https:\/\/lafabriquevegetale.net\/index.php\/wp-json\/wp\/v2\/pages\/980","targetHints":{"allow":["GET"]}}],"collection":[{"href":"https:\/\/lafabriquevegetale.net\/index.php\/wp-json\/wp\/v2\/pages"}],"about":[{"href":"https:\/\/lafabriquevegetale.net\/index.php\/wp-json\/wp\/v2\/types\/page"}],"author":[{"embeddable":true,"href":"https:\/\/lafabriquevegetale.net\/index.php\/wp-json\/wp\/v2\/users\/1"}],"replies":[{"embeddable":true,"href":"https:\/\/lafabriquevegetale.net\/index.php\/wp-json\/wp\/v2\/comments?post=980"}],"version-history":[{"count":5,"href":"https:\/\/lafabriquevegetale.net\/index.php\/wp-json\/wp\/v2\/pages\/980\/revisions"}],"predecessor-version":[{"id":3824,"href":"https:\/\/lafabriquevegetale.net\/index.php\/wp-json\/wp\/v2\/pages\/980\/revisions\/3824"}],"wp:attachment":[{"href":"https:\/\/lafabriquevegetale.net\/index.php\/wp-json\/wp\/v2\/media?parent=980"}],"curies":[{"name":"wp","href":"https:\/\/api.w.org\/{rel}","templated":true}]}}